{"id":6777,"date":"2025-05-29T11:29:55","date_gmt":"2025-05-29T09:29:55","guid":{"rendered":"https:\/\/blokhusnaturcamping.dk\/?page_id=6777"},"modified":"2026-04-16T07:51:07","modified_gmt":"2026-04-16T05:51:07","slug":"gapende-hut","status":"publish","type":"page","link":"https:\/\/blokhusnaturcamping.dk\/nl\/bjaelkehytte\/","title":{"rendered":"Blokhut"},"content":{"rendered":"\t\t<div data-elementor-type=\"wp-page\" data-elementor-id=\"6777\" class=\"elementor elementor-6777\" data-elementor-post-type=\"page\">\n\t\t\t\t<div class=\"elementor-element elementor-element-ac8c3f9 e-flex e-con-boxed e-con e-parent\" data-id=\"ac8c3f9\" data-element_type=\"container\" data-e-type=\"container\" data-settings=\"{&quot;background_background&quot;:&quot;classic&quot;,&quot;jet_parallax_layout_list&quot;:[]}\">\n\t\t\t\t\t<div class=\"e-con-inner\">\n\t\t\t\t<div class=\"elementor-element elementor-element-7f81323 elementor-widget elementor-widget-html\" data-id=\"7f81323\" data-element_type=\"widget\" data-e-type=\"widget\" data-widget_type=\"html.default\">\n\t\t\t\t<div class=\"elementor-widget-container\">\n\t\t\t\t\t<div class=\"trustindex-hero-loader\">\n<script>\n(function () {\n  \/\/ Get first path segment\n  var path = window.location.pathname.replace(\/^\\\/+|\\\/+$\/g, \"\");\n  var seg = path.split(\"\/\")[0].toLowerCase();\n\n  \/\/ Determine language based on URL structure\n  var lang = \"da\"; \/\/ default\n  if (seg === \"en\") lang = \"en\";\n  else if (seg === \"de\") lang = \"de\";\n  else if (seg === \"nl\") lang = \"nl\";\n\n  \/\/ Define script URLs (new ones)\n  var trustindex = {\n    da: \"https:\/\/cdn.trustindex.io\/loader.js?7443090573ec75796a36f5fad9a\",\n    en: \"https:\/\/cdn.trustindex.io\/loader.js?7443090573ec75796a36f5fad9a\",\n    nl: \"https:\/\/cdn.trustindex.io\/loader.js?02e2e8f57d85757d39969f3608d\",\n    de: \"https:\/\/cdn.trustindex.io\/loader.js?7bb18c9577ff758aaa062b27a5e\"\n  };\n\n  \/\/ Create and inject script\n  var script = document.createElement(\"script\");\n  script.src = trustindex[lang];\n  script.defer = true;\n  script.async = true;\n\n  \/\/ Append script inside this container\n  var container = document.currentScript.parentNode;\n  container.appendChild(script);\n})();\n<\/script>\n<\/div>\t\t\t\t<\/div>\n\t\t\t\t<\/div>\n\t\t\t\t<div class=\"elementor-element elementor-element-8de04dd elementor-widget elementor-widget-template\" data-id=\"8de04dd\" data-element_type=\"widget\" data-e-type=\"widget\" data-widget_type=\"template.default\">\n\t\t\t\t<div class=\"elementor-widget-container\">\n\t\t\t\t\t\t\t<div class=\"elementor-template\">\n\t\t\t\t\t<div data-elementor-type=\"container\" data-elementor-id=\"7714\" class=\"elementor elementor-7714\" data-elementor-post-type=\"elementor_library\">\n\t\t\t\t<div class=\"elementor-element elementor-element-dd395cb e-flex e-con-boxed e-con e-parent\" data-id=\"dd395cb\" data-element_type=\"container\" data-e-type=\"container\" data-settings=\"{&quot;jet_parallax_layout_list&quot;:[]}\">\n\t\t\t\t\t<div class=\"e-con-inner\">\n\t\t\t\t<div class=\"elementor-element elementor-element-fb53236 elementor-icon-list--layout-inline elementor-align-center elementor-list-item-link-full_width elementor-widget elementor-widget-icon-list\" data-id=\"fb53236\" data-element_type=\"widget\" data-e-type=\"widget\" data-widget_type=\"icon-list.default\">\n\t\t\t\t<div class=\"elementor-widget-container\">\n\t\t\t\t\t\t\t<ul class=\"elementor-icon-list-items elementor-inline-items\">\n\t\t\t\t\t\t\t<li class=\"elementor-icon-list-item elementor-inline-item\">\n\t\t\t\t\t\t\t\t\t\t\t<span class=\"elementor-icon-list-icon\">\n\t\t\t\t\t\t\t<i aria-hidden=\"true\" class=\"fas fa-check\"><\/i>\t\t\t\t\t\t<\/span>\n\t\t\t\t\t\t\t\t\t\t<span class=\"elementor-icon-list-text\">Midt i naturen med moderne komfort<\/span>\n\t\t\t\t\t\t\t\t\t<\/li>\n\t\t\t\t\t\t\t\t<li class=\"elementor-icon-list-item elementor-inline-item\">\n\t\t\t\t\t\t\t\t\t\t\t<span class=\"elementor-icon-list-icon\">\n\t\t\t\t\t\t\t<i aria-hidden=\"true\" class=\"fas fa-check\"><\/i>\t\t\t\t\t\t<\/span>\n\t\t\t\t\t\t\t\t\t\t<span class=\"elementor-icon-list-text\">B\u00e6redygtig og rolig naturplads<\/span>\n\t\t\t\t\t\t\t\t\t<\/li>\n\t\t\t\t\t\t\t\t<li class=\"elementor-icon-list-item elementor-inline-item\">\n\t\t\t\t\t\t\t\t\t\t\t<span class=\"elementor-icon-list-icon\">\n\t\t\t\t\t\t\t<i aria-hidden=\"true\" class=\"fas fa-check\"><\/i>\t\t\t\t\t\t<\/span>\n\t\t\t\t\t\t\t\t\t\t<span class=\"elementor-icon-list-text\">Kort afstand til Vesterhavet og Blokhus by<\/span>\n\t\t\t\t\t\t\t\t\t<\/li>\n\t\t\t\t\t\t<\/ul>\n\t\t\t\t\t\t<\/div>\n\t\t\t\t<\/div>\n\t\t\t\t\t<\/div>\n\t\t\t\t<\/div>\n\t\t\t\t<\/div>\n\t\t\t\t<\/div>\n\t\t\t\t\t\t<\/div>\n\t\t\t\t<\/div>\n\t\t\t\t<div class=\"elementor-element elementor-element-1c9c7b1 elementor-align-center elementor-widget elementor-widget-button\" data-id=\"1c9c7b1\" data-element_type=\"widget\" data-e-type=\"widget\" data-widget_type=\"button.default\">\n\t\t\t\t<div class=\"elementor-widget-container\">\n\t\t\t\t\t\t\t\t\t<div class=\"elementor-button-wrapper\">\n\t\t\t\t\t<a class=\"elementor-button elementor-button-link elementor-size-sm elementor-animation-grow\" href=\"https:\/\/onlinebooking.camp\/blokhusnaturcamping?lang=da\" target=\"_blank\">\n\t\t\t\t\t\t<span class=\"elementor-button-content-wrapper\">\n\t\t\t\t\t\t<span class=\"elementor-button-icon\">\n\t\t\t\t<i aria-hidden=\"true\" class=\"fas fa-chevron-right\"><\/i>\t\t\t<\/span>\n\t\t\t\t\t\t\t\t\t<span class=\"elementor-button-text\">Book her<\/span>\n\t\t\t\t\t<\/span>\n\t\t\t\t\t<\/a>\n\t\t\t\t<\/div>\n\t\t\t\t\t\t\t\t<\/div>\n\t\t\t\t<\/div>\n\t\t\t\t\t<\/div>\n\t\t\t\t<\/div>\n\t\t<div class=\"elementor-element elementor-element-75d305e e-flex e-con-boxed e-con e-parent\" data-id=\"75d305e\" data-element_type=\"container\" data-e-type=\"container\" data-settings=\"{&quot;jet_parallax_layout_list&quot;:[]}\">\n\t\t\t\t\t<div class=\"e-con-inner\">\n\t\t\t\t<div class=\"elementor-element elementor-element-61cc59f elementor-widget elementor-widget-text-editor\" data-id=\"61cc59f\" data-element_type=\"widget\" data-e-type=\"widget\" data-widget_type=\"text-editor.default\">\n\t\t\t\t<div class=\"elementor-widget-container\">\n\t\t\t\t\t\t\t\t\t<p>Bj\u00e6lkehytte<\/p>\t\t\t\t\t\t\t\t<\/div>\n\t\t\t\t<\/div>\n\t\t\t\t<div class=\"elementor-element elementor-element-4c52aeb elementor-widget elementor-widget-heading\" data-id=\"4c52aeb\" data-element_type=\"widget\" data-e-type=\"widget\" data-widget_type=\"heading.default\">\n\t\t\t\t<div class=\"elementor-widget-container\">\n\t\t\t\t\t<h2 class=\"elementor-heading-title elementor-size-default\">HYGGE OG KOMFORT I GR\u00d8NNE OMGIVELSER\n<\/h2>\t\t\t\t<\/div>\n\t\t\t\t<\/div>\n\t\t\t\t<div class=\"elementor-element elementor-element-fc0b43a elementor-widget elementor-widget-text-editor\" data-id=\"fc0b43a\" data-element_type=\"widget\" data-e-type=\"widget\" data-widget_type=\"text-editor.default\">\n\t\t\t\t<div class=\"elementor-widget-container\">\n\t\t\t\t\t\t\t\t\t<p>Her finder du en dobbeltseng (140cm x 200cm) med plads til to personer. Desuden er der et lille k\u00f8kken med k\u00f8leskab, service og grej samt et bord og to stole. Foran bj\u00e6lkehytterne er der en veranda, hvor du kan nyde din morgenmad i morgensolen \u2013 og om aftenen kan du nyde aftensolen p\u00e5 b\u00e6nken bagved hytten.<\/p><p>Bj\u00e6lkehytterne er upcyclede campinghytter, som har f\u00e5et et nyt udseende og en ny indretning, s\u00e5 de kan skabe rammen om nogle afslappende dage t\u00e6t p\u00e5 naturen. Det kan du nyde godt af.<\/p><p>Der er mulighed for en ekstra seng mod betaling.<\/p><p>Alle priser er pr. overnatning.<\/p><p>Ankomst fra kl. 15:00 med self-check-in. Afrejse senest kl. 10:00.\u00a0<\/p>\t\t\t\t\t\t\t\t<\/div>\n\t\t\t\t<\/div>\n\t\t\t\t\t<\/div>\n\t\t\t\t<\/div>\n\t\t<div class=\"elementor-element elementor-element-d6110ee e-con-full e-flex e-con e-parent\" data-id=\"d6110ee\" data-element_type=\"container\" data-e-type=\"container\" data-settings=\"{&quot;jet_parallax_layout_list&quot;:[]}\">\n\t\t<div class=\"elementor-element elementor-element-f1a9b10 e-con-full e-flex e-con e-child\" data-id=\"f1a9b10\" data-element_type=\"container\" data-e-type=\"container\" data-settings=\"{&quot;jet_parallax_layout_list&quot;:[],&quot;background_background&quot;:&quot;classic&quot;}\">\n\t\t<div class=\"elementor-element elementor-element-822b5f4 e-flex e-con-boxed e-con e-child\" data-id=\"822b5f4\" data-element_type=\"container\" data-e-type=\"container\" data-settings=\"{&quot;jet_parallax_layout_list&quot;:[]}\">\n\t\t\t\t\t<div class=\"e-con-inner\">\n\t\t<div class=\"elementor-element elementor-element-e63b2d2 e-con-full e-flex e-con e-child\" data-id=\"e63b2d2\" data-element_type=\"container\" data-e-type=\"container\" data-settings=\"{&quot;jet_parallax_layout_list&quot;:[]}\">\n\t\t\t\t<div class=\"elementor-element elementor-element-46be784 elementor-widget elementor-widget-heading\" data-id=\"46be784\" data-element_type=\"widget\" data-e-type=\"widget\" data-widget_type=\"heading.default\">\n\t\t\t\t<div class=\"elementor-widget-container\">\n\t\t\t\t\t<h4 class=\"elementor-heading-title elementor-size-default\">Ophold\n<\/h4>\t\t\t\t<\/div>\n\t\t\t\t<\/div>\n\t\t\t\t<div class=\"elementor-element elementor-element-546147e elementor-widget elementor-widget-heading\" data-id=\"546147e\" data-element_type=\"widget\" data-e-type=\"widget\" data-widget_type=\"heading.default\">\n\t\t\t\t<div class=\"elementor-widget-container\">\n\t\t\t\t\t<h2 class=\"elementor-heading-title elementor-size-default\">BJ\u00c6LKEHYTTE<\/h2>\t\t\t\t<\/div>\n\t\t\t\t<\/div>\n\t\t\t\t<div class=\"elementor-element elementor-element-cf0dbf4 elementor-widget elementor-widget-heading\" data-id=\"cf0dbf4\" data-element_type=\"widget\" data-e-type=\"widget\" data-widget_type=\"heading.default\">\n\t\t\t\t<div class=\"elementor-widget-container\">\n\t\t\t\t\t<h4 class=\"elementor-heading-title elementor-size-default\">fra KR. 555,-\n\n<\/h4>\t\t\t\t<\/div>\n\t\t\t\t<\/div>\n\t\t\t\t<div class=\"elementor-element elementor-element-d27e264 elementor-widget elementor-widget-text-editor\" data-id=\"d27e264\" data-element_type=\"widget\" data-e-type=\"widget\" data-widget_type=\"text-editor.default\">\n\t\t\t\t<div class=\"elementor-widget-container\">\n\t\t\t\t\t\t\t\t\t<ul><li><p>Plads til to personer<\/p><\/li><li><p>Mulighed for 1 k\u00e6ledyr i tre af vores hytter (1-3)<\/p><\/li><li>Hytte 1 er 2 enkeltsenge<\/li><li><p>Mulighed for en ekstra seng<\/p><\/li><li><p>Inkl. forbrug af str\u00f8m<\/p><\/li><li><p>Mulighed for tilk\u00f8b af sengelinned \/h\u00e5ndkl\u00e6der<\/p><\/li><\/ul>\t\t\t\t\t\t\t\t<\/div>\n\t\t\t\t<\/div>\n\t\t\t\t<div class=\"elementor-element elementor-element-8d3edff elementor-widget elementor-widget-heading\" data-id=\"8d3edff\" data-element_type=\"widget\" data-e-type=\"widget\" data-widget_type=\"heading.default\">\n\t\t\t\t<div class=\"elementor-widget-container\">\n\t\t\t\t\t<h2 class=\"elementor-heading-title elementor-size-default\">Tilk\u00f8b<\/h2>\t\t\t\t<\/div>\n\t\t\t\t<\/div>\n\t\t\t\t<div class=\"elementor-element elementor-element-0ca25aa elementor-widget elementor-widget-text-editor\" data-id=\"0ca25aa\" data-element_type=\"widget\" data-e-type=\"widget\" data-widget_type=\"text-editor.default\">\n\t\t\t\t<div class=\"elementor-widget-container\">\n\t\t\t\t\t\t\t\t\t<ul><li>En ekstra seng pr nat.- 150 kr.<\/li><li><p>1 k\u00e6ledyr pr nat\u00a0 &#8211; 50 kr.<\/p><\/li><\/ul>\t\t\t\t\t\t\t\t<\/div>\n\t\t\t\t<\/div>\n\t\t\t\t<div class=\"elementor-element elementor-element-c558368 elementor-align-left elementor-widget elementor-widget-button\" data-id=\"c558368\" data-element_type=\"widget\" data-e-type=\"widget\" data-widget_type=\"button.default\">\n\t\t\t\t<div class=\"elementor-widget-container\">\n\t\t\t\t\t\t\t\t\t<div class=\"elementor-button-wrapper\">\n\t\t\t\t\t<a class=\"elementor-button elementor-button-link elementor-size-sm elementor-animation-grow\" href=\"https:\/\/onlinebooking.camp\/blokhusnaturcamping?lang=da\" target=\"_blank\">\n\t\t\t\t\t\t<span class=\"elementor-button-content-wrapper\">\n\t\t\t\t\t\t<span class=\"elementor-button-icon\">\n\t\t\t\t<i aria-hidden=\"true\" class=\"fas fa-calendar-check\"><\/i>\t\t\t<\/span>\n\t\t\t\t\t\t\t\t\t<span class=\"elementor-button-text\">Book ophold her<\/span>\n\t\t\t\t\t<\/span>\n\t\t\t\t\t<\/a>\n\t\t\t\t<\/div>\n\t\t\t\t\t\t\t\t<\/div>\n\t\t\t\t<\/div>\n\t\t\t\t<\/div>\n\t\t\t\t\t<\/div>\n\t\t\t\t<\/div>\n\t\t\t\t<\/div>\n\t\t<div class=\"elementor-element elementor-element-53d6c93 e-con-full e-flex e-con e-child\" data-id=\"53d6c93\" data-element_type=\"container\" data-e-type=\"container\" data-settings=\"{&quot;background_background&quot;:&quot;classic&quot;,&quot;jet_parallax_layout_list&quot;:[]}\">\n\t\t\t\t<div class=\"elementor-element elementor-element-dd67249 elementor-widget elementor-widget-image-carousel\" data-id=\"dd67249\" data-element_type=\"widget\" data-e-type=\"widget\" data-settings=\"{&quot;slides_to_show&quot;:&quot;2&quot;,&quot;navigation&quot;:&quot;none&quot;,&quot;autoplay_speed&quot;:0,&quot;speed&quot;:3500,&quot;image_spacing_custom&quot;:{&quot;unit&quot;:&quot;px&quot;,&quot;size&quot;:28,&quot;sizes&quot;:[]},&quot;autoplay&quot;:&quot;yes&quot;,&quot;infinite&quot;:&quot;yes&quot;,&quot;image_spacing_custom_widescreen&quot;:{&quot;unit&quot;:&quot;px&quot;,&quot;size&quot;:&quot;&quot;,&quot;sizes&quot;:[]},&quot;image_spacing_custom_tablet&quot;:{&quot;unit&quot;:&quot;px&quot;,&quot;size&quot;:&quot;&quot;,&quot;sizes&quot;:[]},&quot;image_spacing_custom_mobile&quot;:{&quot;unit&quot;:&quot;px&quot;,&quot;size&quot;:&quot;&quot;,&quot;sizes&quot;:[]}}\" data-widget_type=\"image-carousel.default\">\n\t\t\t\t<div class=\"elementor-widget-container\">\n\t\t\t\t\t\t\t<div class=\"elementor-image-carousel-wrapper swiper\" role=\"region\" aria-roledescription=\"carousel\" aria-label=\"Billedkarussel\" dir=\"ltr\">\n\t\t\t<div class=\"elementor-image-carousel swiper-wrapper swiper-image-stretch\" aria-live=\"off\">\n\t\t\t\t\t\t\t\t<div class=\"swiper-slide\" role=\"group\" aria-roledescription=\"slide\" aria-label=\"1 af 7\"><figure class=\"swiper-slide-inner\"><img decoding=\"async\" class=\"swiper-slide-image\" src=\"https:\/\/blokhusnaturcamping.dk\/wp-content\/uploads\/2025\/06\/shelter-medium-3_1_160.jpg\" alt=\"shelter-medium-3_(1)_160\" \/><\/figure><\/div><div class=\"swiper-slide\" role=\"group\" aria-roledescription=\"slide\" aria-label=\"2 af 7\"><figure class=\"swiper-slide-inner\"><img decoding=\"async\" class=\"swiper-slide-image\" src=\"https:\/\/blokhusnaturcamping.dk\/wp-content\/uploads\/2025\/06\/lukket-shelter-i-solnedgang_156.jpg\" alt=\"lukket-shelter-i-solnedgang_156\" \/><\/figure><\/div><div class=\"swiper-slide\" role=\"group\" aria-roledescription=\"slide\" aria-label=\"3 af 7\"><figure class=\"swiper-slide-inner\"><img decoding=\"async\" class=\"swiper-slide-image\" src=\"https:\/\/blokhusnaturcamping.dk\/wp-content\/uploads\/2025\/06\/img_0674_148.jpg\" alt=\"img_0674_148\" \/><\/figure><\/div><div class=\"swiper-slide\" role=\"group\" aria-roledescription=\"slide\" aria-label=\"4 af 7\"><figure class=\"swiper-slide-inner\"><img decoding=\"async\" class=\"swiper-slide-image\" src=\"https:\/\/blokhusnaturcamping.dk\/wp-content\/uploads\/2025\/06\/img_0673_144.jpg\" alt=\"img_0673_144\" \/><\/figure><\/div><div class=\"swiper-slide\" role=\"group\" aria-roledescription=\"slide\" aria-label=\"5 af 7\"><figure class=\"swiper-slide-inner\"><img decoding=\"async\" class=\"swiper-slide-image\" src=\"https:\/\/blokhusnaturcamping.dk\/wp-content\/uploads\/2025\/06\/img_0672_140.jpg\" alt=\"img_0672_140\" \/><\/figure><\/div><div class=\"swiper-slide\" role=\"group\" aria-roledescription=\"slide\" aria-label=\"6 af 7\"><figure class=\"swiper-slide-inner\"><img decoding=\"async\" class=\"swiper-slide-image\" src=\"https:\/\/blokhusnaturcamping.dk\/wp-content\/uploads\/2025\/06\/bjaelkehytte-eg-3_136.jpg\" alt=\"bjaelkehytte-eg-3_136\" \/><\/figure><\/div><div class=\"swiper-slide\" role=\"group\" aria-roledescription=\"slide\" aria-label=\"7 af 7\"><figure class=\"swiper-slide-inner\"><img decoding=\"async\" class=\"swiper-slide-image\" src=\"https:\/\/blokhusnaturcamping.dk\/wp-content\/uploads\/2025\/06\/bjaelkehytte-eg-2_132.jpg\" alt=\"bjaelkehytte-eg-2_132\" \/><\/figure><\/div>\t\t\t<\/div>\n\t\t\t\t\t\t\t\n\t\t\t\t\t\t\t\t\t<\/div>\n\t\t\t\t\t\t<\/div>\n\t\t\t\t<\/div>\n\t\t\t\t<\/div>\n\t\t\t\t<\/div>\n\t\t\t\t<\/div>\n\t\t","protected":false},"excerpt":{"rendered":"<p>Book her Bj\u00e6lkehytte HYGGE OG KOMFORT I GR\u00d8NNE OMGIVELSER Her finder du en dobbeltseng (140cm x 200cm) med plads til to personer. Desuden er der et lille k\u00f8kken med k\u00f8leskab, service og grej samt et bord og to stole. Foran bj\u00e6lkehytterne er der en veranda, hvor du kan nyde din morgenmad i morgensolen \u2013 og [&hellip;]<\/p>\n","protected":false},"author":1,"featured_media":0,"parent":0,"menu_order":0,"comment_status":"closed","ping_status":"closed","template":"","meta":{"footnotes":""},"class_list":["post-6777","page","type-page","status-publish","hentry"],"_links":{"self":[{"href":"https:\/\/blokhusnaturcamping.dk\/nl\/wp-json\/wp\/v2\/pages\/6777","targetHints":{"allow":["GET"]}}],"collection":[{"href":"https:\/\/blokhusnaturcamping.dk\/nl\/wp-json\/wp\/v2\/pages"}],"about":[{"href":"https:\/\/blokhusnaturcamping.dk\/nl\/wp-json\/wp\/v2\/types\/page"}],"author":[{"embeddable":true,"href":"https:\/\/blokhusnaturcamping.dk\/nl\/wp-json\/wp\/v2\/users\/1"}],"replies":[{"embeddable":true,"href":"https:\/\/blokhusnaturcamping.dk\/nl\/wp-json\/wp\/v2\/comments?post=6777"}],"version-history":[{"count":28,"href":"https:\/\/blokhusnaturcamping.dk\/nl\/wp-json\/wp\/v2\/pages\/6777\/revisions"}],"predecessor-version":[{"id":8394,"href":"https:\/\/blokhusnaturcamping.dk\/nl\/wp-json\/wp\/v2\/pages\/6777\/revisions\/8394"}],"wp:attachment":[{"href":"https:\/\/blokhusnaturcamping.dk\/nl\/wp-json\/wp\/v2\/media?parent=6777"}],"curies":[{"name":"wp","href":"https:\/\/api.w.org\/{rel}","templated":true}]}}