{"id":4936,"date":"2024-12-13T09:19:48","date_gmt":"2024-12-13T08:19:48","guid":{"rendered":"https:\/\/blokhusnaturcamping.dk\/?page_id=4936"},"modified":"2025-11-14T13:14:06","modified_gmt":"2025-11-14T12:14:06","slug":"over-ons","status":"publish","type":"page","link":"https:\/\/blokhusnaturcamping.dk\/nl\/om-os\/","title":{"rendered":"Over ons"},"content":{"rendered":"\t\t<div data-elementor-type=\"wp-page\" data-elementor-id=\"4936\" class=\"elementor elementor-4936\" data-elementor-post-type=\"page\">\n\t\t\t\t<div class=\"elementor-element elementor-element-cfa399e e-flex e-con-boxed e-con e-parent\" data-id=\"cfa399e\" data-element_type=\"container\" data-e-type=\"container\" data-settings=\"{&quot;background_background&quot;:&quot;classic&quot;,&quot;jet_parallax_layout_list&quot;:[]}\">\n\t\t\t\t\t<div class=\"e-con-inner\">\n\t\t\t\t<div class=\"elementor-element elementor-element-a2937c2 elementor-widget elementor-widget-html\" data-id=\"a2937c2\" data-element_type=\"widget\" data-e-type=\"widget\" data-widget_type=\"html.default\">\n\t\t\t\t<div class=\"elementor-widget-container\">\n\t\t\t\t\t<div class=\"trustindex-hero-loader\">\n<script>\n(function () {\n  \/\/ Get first path segment\n  var path = window.location.pathname.replace(\/^\\\/+|\\\/+$\/g, \"\");\n  var seg = path.split(\"\/\")[0].toLowerCase();\n\n  \/\/ Determine language based on URL structure\n  var lang = \"da\"; \/\/ default\n  if (seg === \"en\") lang = \"en\";\n  else if (seg === \"de\") lang = \"de\";\n  else if (seg === \"nl\") lang = \"nl\";\n\n  \/\/ Define script URLs (new ones)\n  var trustindex = {\n    da: \"https:\/\/cdn.trustindex.io\/loader.js?7443090573ec75796a36f5fad9a\",\n    en: \"https:\/\/cdn.trustindex.io\/loader.js?7443090573ec75796a36f5fad9a\",\n    nl: \"https:\/\/cdn.trustindex.io\/loader.js?02e2e8f57d85757d39969f3608d\",\n    de: \"https:\/\/cdn.trustindex.io\/loader.js?7bb18c9577ff758aaa062b27a5e\"\n  };\n\n  \/\/ Create and inject script\n  var script = document.createElement(\"script\");\n  script.src = trustindex[lang];\n  script.defer = true;\n  script.async = true;\n\n  \/\/ Append script inside this container\n  var container = document.currentScript.parentNode;\n  container.appendChild(script);\n})();\n<\/script>\n<\/div>\t\t\t\t<\/div>\n\t\t\t\t<\/div>\n\t\t\t\t<div class=\"elementor-element elementor-element-385eca5 elementor-widget elementor-widget-template\" data-id=\"385eca5\" data-element_type=\"widget\" data-e-type=\"widget\" data-widget_type=\"template.default\">\n\t\t\t\t<div class=\"elementor-widget-container\">\n\t\t\t\t\t\t\t<div class=\"elementor-template\">\n\t\t\t\t\t<div data-elementor-type=\"container\" data-elementor-id=\"7714\" class=\"elementor elementor-7714\" data-elementor-post-type=\"elementor_library\">\n\t\t\t\t<div class=\"elementor-element elementor-element-dd395cb e-flex e-con-boxed e-con e-parent\" data-id=\"dd395cb\" data-element_type=\"container\" data-e-type=\"container\" data-settings=\"{&quot;jet_parallax_layout_list&quot;:[]}\">\n\t\t\t\t\t<div class=\"e-con-inner\">\n\t\t\t\t<div class=\"elementor-element elementor-element-fb53236 elementor-icon-list--layout-inline elementor-align-center elementor-list-item-link-full_width elementor-widget elementor-widget-icon-list\" data-id=\"fb53236\" data-element_type=\"widget\" data-e-type=\"widget\" data-widget_type=\"icon-list.default\">\n\t\t\t\t<div class=\"elementor-widget-container\">\n\t\t\t\t\t\t\t<ul class=\"elementor-icon-list-items elementor-inline-items\">\n\t\t\t\t\t\t\t<li class=\"elementor-icon-list-item elementor-inline-item\">\n\t\t\t\t\t\t\t\t\t\t\t<span class=\"elementor-icon-list-icon\">\n\t\t\t\t\t\t\t<i aria-hidden=\"true\" class=\"fas fa-check\"><\/i>\t\t\t\t\t\t<\/span>\n\t\t\t\t\t\t\t\t\t\t<span class=\"elementor-icon-list-text\">Midt i naturen med moderne komfort<\/span>\n\t\t\t\t\t\t\t\t\t<\/li>\n\t\t\t\t\t\t\t\t<li class=\"elementor-icon-list-item elementor-inline-item\">\n\t\t\t\t\t\t\t\t\t\t\t<span class=\"elementor-icon-list-icon\">\n\t\t\t\t\t\t\t<i aria-hidden=\"true\" class=\"fas fa-check\"><\/i>\t\t\t\t\t\t<\/span>\n\t\t\t\t\t\t\t\t\t\t<span class=\"elementor-icon-list-text\">B\u00e6redygtig og rolig naturplads<\/span>\n\t\t\t\t\t\t\t\t\t<\/li>\n\t\t\t\t\t\t\t\t<li class=\"elementor-icon-list-item elementor-inline-item\">\n\t\t\t\t\t\t\t\t\t\t\t<span class=\"elementor-icon-list-icon\">\n\t\t\t\t\t\t\t<i aria-hidden=\"true\" class=\"fas fa-check\"><\/i>\t\t\t\t\t\t<\/span>\n\t\t\t\t\t\t\t\t\t\t<span class=\"elementor-icon-list-text\">Kort afstand til Vesterhavet og Blokhus by<\/span>\n\t\t\t\t\t\t\t\t\t<\/li>\n\t\t\t\t\t\t<\/ul>\n\t\t\t\t\t\t<\/div>\n\t\t\t\t<\/div>\n\t\t\t\t\t<\/div>\n\t\t\t\t<\/div>\n\t\t\t\t<\/div>\n\t\t\t\t<\/div>\n\t\t\t\t\t\t<\/div>\n\t\t\t\t<\/div>\n\t\t\t\t<div class=\"elementor-element elementor-element-8aab000 elementor-align-center elementor-widget elementor-widget-button\" data-id=\"8aab000\" data-element_type=\"widget\" data-e-type=\"widget\" data-widget_type=\"button.default\">\n\t\t\t\t<div class=\"elementor-widget-container\">\n\t\t\t\t\t\t\t\t\t<div class=\"elementor-button-wrapper\">\n\t\t\t\t\t<a class=\"elementor-button elementor-button-link elementor-size-sm elementor-animation-grow\" href=\"https:\/\/onlinebooking.camp\/blokhusnaturcamping?lang=da\" target=\"_blank\">\n\t\t\t\t\t\t<span class=\"elementor-button-content-wrapper\">\n\t\t\t\t\t\t<span class=\"elementor-button-icon\">\n\t\t\t\t<i aria-hidden=\"true\" class=\"fas fa-chevron-right\"><\/i>\t\t\t<\/span>\n\t\t\t\t\t\t\t\t\t<span class=\"elementor-button-text\">Book her<\/span>\n\t\t\t\t\t<\/span>\n\t\t\t\t\t<\/a>\n\t\t\t\t<\/div>\n\t\t\t\t\t\t\t\t<\/div>\n\t\t\t\t<\/div>\n\t\t\t\t\t<\/div>\n\t\t\t\t<\/div>\n\t\t<div class=\"elementor-element elementor-element-06becd0 e-flex e-con-boxed e-con e-parent\" data-id=\"06becd0\" data-element_type=\"container\" data-e-type=\"container\" data-settings=\"{&quot;jet_parallax_layout_list&quot;:[]}\">\n\t\t\t\t\t<div class=\"e-con-inner\">\n\t\t\t\t<div class=\"elementor-element elementor-element-54cce4b elementor-widget elementor-widget-text-editor\" data-id=\"54cce4b\" data-element_type=\"widget\" data-e-type=\"widget\" data-widget_type=\"text-editor.default\">\n\t\t\t\t<div class=\"elementor-widget-container\">\n\t\t\t\t\t\t\t\t\t<p class=\"custom36 custom64\">Blokhus Natur Camping &#8211; hvem er vi?<\/p>\t\t\t\t\t\t\t\t<\/div>\n\t\t\t\t<\/div>\n\t\t\t\t<div class=\"elementor-element elementor-element-bcd363d elementor-widget elementor-widget-heading\" data-id=\"bcd363d\" data-element_type=\"widget\" data-e-type=\"widget\" data-widget_type=\"heading.default\">\n\t\t\t\t<div class=\"elementor-widget-container\">\n\t\t\t\t\t<h2 class=\"elementor-heading-title elementor-size-default\">Kom t\u00e6t p\u00e5 vild natur<\/h2>\t\t\t\t<\/div>\n\t\t\t\t<\/div>\n\t\t\t\t<div class=\"elementor-element elementor-element-5ba89b6 elementor-widget elementor-widget-text-editor\" data-id=\"5ba89b6\" data-element_type=\"widget\" data-e-type=\"widget\" data-widget_type=\"text-editor.default\">\n\t\t\t\t<div class=\"elementor-widget-container\">\n\t\t\t\t\t\t\t\t\t<p>Hos Blokhus Natur Camping kan du overnatte midt i naturen. Du er t\u00e6t p\u00e5 f\u00f8lelsen af \u201cvildt\u201d, men altid i n\u00e6rheden af en servicebygning.<\/p><p>\u201dDet m\u00e5 gerne v\u00e6re vildt, men det beh\u00f8ver ikke at v\u00e6re det,\u201d er vores motto.<\/p>\t\t\t\t\t\t\t\t<\/div>\n\t\t\t\t<\/div>\n\t\t\t\t<div class=\"elementor-element elementor-element-08dc437 elementor-widget elementor-widget-heading\" data-id=\"08dc437\" data-element_type=\"widget\" data-e-type=\"widget\" data-widget_type=\"heading.default\">\n\t\t\t\t<div class=\"elementor-widget-container\">\n\t\t\t\t\t<h3 class=\"elementor-heading-title elementor-size-default\">Historien bag<\/h3>\t\t\t\t<\/div>\n\t\t\t\t<\/div>\n\t\t\t\t<div class=\"elementor-element elementor-element-308ce0f elementor-widget elementor-widget-text-editor\" data-id=\"308ce0f\" data-element_type=\"widget\" data-e-type=\"widget\" data-widget_type=\"text-editor.default\">\n\t\t\t\t<div class=\"elementor-widget-container\">\n\t\t\t\t\t\t\t\t\t<p>Campingpladsen har haft flere navne og har ogs\u00e5 haft sin storhedstid med b\u00e5de bistro og l\u00f8rdagsbal. Men det er s\u00e5 l\u00e6nge siden, at de fleste har glemt det.<\/p><p>Vi har arbejdet med pladsen og fornyet det slidte og fundet de mange muligheder for at skabe noget helt unikt og sp\u00e6ndende. En anderledes og mere autentisk m\u00e5de at holde komfortabel ferie midt i naturen. En naturplads, hvor du som g\u00e6st kan f\u00f8le dig alene i naturen, v\u00e6re primitiv og lave mad p\u00e5 b\u00e5l, men samtidig have nem og bekvem adgang til moderne faciliteter som toilet og bad.<\/p>\t\t\t\t\t\t\t\t<\/div>\n\t\t\t\t<\/div>\n\t\t\t\t\t<\/div>\n\t\t\t\t<\/div>\n\t\t<div class=\"elementor-element elementor-element-94250c4 e-con-full e-flex e-con e-parent\" data-id=\"94250c4\" data-element_type=\"container\" data-e-type=\"container\" data-settings=\"{&quot;jet_parallax_layout_list&quot;:[]}\">\n\t\t<div class=\"elementor-element elementor-element-1e53e87 e-con-full e-flex e-con e-child\" data-id=\"1e53e87\" data-element_type=\"container\" data-e-type=\"container\" data-settings=\"{&quot;jet_parallax_layout_list&quot;:[],&quot;background_background&quot;:&quot;classic&quot;}\">\n\t\t<div class=\"elementor-element elementor-element-46213dd e-flex e-con-boxed e-con e-child\" data-id=\"46213dd\" data-element_type=\"container\" data-e-type=\"container\" data-settings=\"{&quot;jet_parallax_layout_list&quot;:[]}\">\n\t\t\t\t\t<div class=\"e-con-inner\">\n\t\t<div class=\"elementor-element elementor-element-4e225b7 e-con-full e-flex e-con e-child\" data-id=\"4e225b7\" data-element_type=\"container\" data-e-type=\"container\" data-settings=\"{&quot;jet_parallax_layout_list&quot;:[]}\">\n\t\t\t\t<div class=\"elementor-element elementor-element-87528b6 elementor-widget elementor-widget-heading\" data-id=\"87528b6\" data-element_type=\"widget\" data-e-type=\"widget\" data-widget_type=\"heading.default\">\n\t\t\t\t<div class=\"elementor-widget-container\">\n\t\t\t\t\t<h2 class=\"elementor-heading-title elementor-size-default\">Naturresort<\/h2>\t\t\t\t<\/div>\n\t\t\t\t<\/div>\n\t\t\t\t<div class=\"elementor-element elementor-element-be2392e elementor-widget elementor-widget-text-editor\" data-id=\"be2392e\" data-element_type=\"widget\" data-e-type=\"widget\" data-widget_type=\"text-editor.default\">\n\t\t\t\t<div class=\"elementor-widget-container\">\n\t\t\t\t\t\t\t\t\t<p>Det tager tid at udvikle en traditionel campingplads til en naturplads, for naturen tager den tid den har brug for. Men vi nyder at f\u00f8lge processen i naturens m\u00e5de at vende tilbage p\u00e5.<\/p><p>I den f\u00f8rste del inddrog vi den del af vores store areal, der har v\u00e6ret campingplads gennem mange \u00e5r. Her tilbyder vi overnatning i bj\u00e6lkehytter, retrohytte, Safari telte og naturskjul.<\/p><p>I anden del arbejder vi p\u00e5 at g\u00f8re campingarealet mere vildt. Vi lader gr\u00e6sset gro, planter flere buske og tr\u00e6er, og n\u00e5r det er muligt, lader vi de d\u00f8de tr\u00e6er blive, s\u00e5 insekterne og de dyr, der fanger dem, kan bo her. Vejene bliver snoede, s\u00e5 vi f\u00e5r skabt nogle sm\u00e5 private \u201drum\u201d i naturen. P\u00e5 den m\u00e5de kan du overnatte i din egen vogn eller telt og samtidig f\u00e5 fornemmelsen af at v\u00e6re alene i naturen. Bliv ikke overrasket, hvis der st\u00e5r et r\u00e5dyr udenfor dit telt i de tidlige morgentimer.<\/p><p>I n\u00e6ste del arbejder vi os videre p\u00e5 vores store arealer nord for campingpladsen. Her har vi i et samarbejde med Dansk Kyst og Naturturisme skabt en plan for placering af et st\u00f8rre antal hytter og anden overnatningsmuligheder. Alle typer vil blive indrettet med eget tek\u00f8kken, toilet\/bad og udend\u00f8rs m\u00f8bler, s\u00e5 du virkelig kan nyde den omkringliggende natur. Desuden vil der v\u00e6re fri adgang til b\u00e5lhytte og velf\u00e6rdsbygninger.<\/p><p>Har du som g\u00e6st \u00f8nske om en tur p\u00e5 hesteryg, har vi 2 rideskoler lige i n\u00e6rheden, som tilbyder ture i omr\u00e5det.<\/p><p>Kommer man i st\u00f8rre grupper og \u00f8nsker special-arrangementer, s\u00e5 er vi ogs\u00e5 klar til at hj\u00e6lpe, men v\u00e6r opm\u00e6rksom p\u00e5, at det vil v\u00e6re n\u00f8dvendigt at booke i god tid.<\/p>\t\t\t\t\t\t\t\t<\/div>\n\t\t\t\t<\/div>\n\t\t\t\t<\/div>\n\t\t\t\t\t<\/div>\n\t\t\t\t<\/div>\n\t\t\t\t<\/div>\n\t\t<div class=\"elementor-element elementor-element-b70408c e-con-full e-flex e-con e-child\" data-id=\"b70408c\" data-element_type=\"container\" data-e-type=\"container\" data-settings=\"{&quot;background_background&quot;:&quot;classic&quot;,&quot;jet_parallax_layout_list&quot;:[]}\">\n\t\t\t\t<\/div>\n\t\t\t\t<\/div>\n\t\t\t\t<\/div>\n\t\t","protected":false},"excerpt":{"rendered":"<p>Book her Blokhus Natur Camping &#8211; hvem er vi? Kom t\u00e6t p\u00e5 vild natur Hos Blokhus Natur Camping kan du overnatte midt i naturen. Du er t\u00e6t p\u00e5 f\u00f8lelsen af \u201cvildt\u201d, men altid i n\u00e6rheden af en servicebygning. \u201dDet m\u00e5 gerne v\u00e6re vildt, men det beh\u00f8ver ikke at v\u00e6re det,\u201d er vores motto. Historien bag [&hellip;]<\/p>\n","protected":false},"author":1,"featured_media":0,"parent":0,"menu_order":0,"comment_status":"closed","ping_status":"closed","template":"","meta":{"_seopress_robots_primary_cat":"","_seopress_titles_title":"","_seopress_titles_desc":"","_seopress_robots_index":"","footnotes":""},"class_list":["post-4936","page","type-page","status-publish","hentry"],"_links":{"self":[{"href":"https:\/\/blokhusnaturcamping.dk\/nl\/wp-json\/wp\/v2\/pages\/4936","targetHints":{"allow":["GET"]}}],"collection":[{"href":"https:\/\/blokhusnaturcamping.dk\/nl\/wp-json\/wp\/v2\/pages"}],"about":[{"href":"https:\/\/blokhusnaturcamping.dk\/nl\/wp-json\/wp\/v2\/types\/page"}],"author":[{"embeddable":true,"href":"https:\/\/blokhusnaturcamping.dk\/nl\/wp-json\/wp\/v2\/users\/1"}],"replies":[{"embeddable":true,"href":"https:\/\/blokhusnaturcamping.dk\/nl\/wp-json\/wp\/v2\/comments?post=4936"}],"version-history":[{"count":25,"href":"https:\/\/blokhusnaturcamping.dk\/nl\/wp-json\/wp\/v2\/pages\/4936\/revisions"}],"predecessor-version":[{"id":7785,"href":"https:\/\/blokhusnaturcamping.dk\/nl\/wp-json\/wp\/v2\/pages\/4936\/revisions\/7785"}],"wp:attachment":[{"href":"https:\/\/blokhusnaturcamping.dk\/nl\/wp-json\/wp\/v2\/media?parent=4936"}],"curies":[{"name":"wp","href":"https:\/\/api.w.org\/{rel}","templated":true}]}}