{"id":6775,"date":"2025-05-29T11:29:37","date_gmt":"2025-05-29T09:29:37","guid":{"rendered":"https:\/\/blokhusnaturcamping.dk\/?page_id=6775"},"modified":"2025-12-03T13:12:42","modified_gmt":"2025-12-03T12:12:42","slug":"small-yarrow-hut","status":"publish","type":"page","link":"https:\/\/blokhusnaturcamping.dk\/en\/bette-bjaelkehytte\/","title":{"rendered":"Bette log cabin"},"content":{"rendered":"\t\t<div data-elementor-type=\"wp-page\" data-elementor-id=\"6775\" class=\"elementor elementor-6775\" data-elementor-post-type=\"page\">\n\t\t\t\t<div class=\"elementor-element elementor-element-6238fbe e-flex e-con-boxed e-con e-parent\" data-id=\"6238fbe\" data-element_type=\"container\" data-e-type=\"container\" data-settings=\"{&quot;background_background&quot;:&quot;classic&quot;,&quot;jet_parallax_layout_list&quot;:[]}\">\n\t\t\t\t\t<div class=\"e-con-inner\">\n\t\t\t\t<div class=\"elementor-element elementor-element-bef2a89 elementor-widget elementor-widget-html\" data-id=\"bef2a89\" data-element_type=\"widget\" data-e-type=\"widget\" data-widget_type=\"html.default\">\n\t\t\t\t<div class=\"elementor-widget-container\">\n\t\t\t\t\t<div class=\"trustindex-hero-loader\">\n<script>\n(function () {\n  \/\/ Get first path segment\n  var path = window.location.pathname.replace(\/^\\\/+|\\\/+$\/g, \"\");\n  var seg = path.split(\"\/\")[0].toLowerCase();\n\n  \/\/ Determine language based on URL structure\n  var lang = \"da\"; \/\/ default\n  if (seg === \"en\") lang = \"en\";\n  else if (seg === \"de\") lang = \"de\";\n  else if (seg === \"nl\") lang = \"nl\";\n\n  \/\/ Define script URLs (new ones)\n  var trustindex = {\n    da: \"https:\/\/cdn.trustindex.io\/loader.js?7443090573ec75796a36f5fad9a\",\n    en: \"https:\/\/cdn.trustindex.io\/loader.js?7443090573ec75796a36f5fad9a\",\n    nl: \"https:\/\/cdn.trustindex.io\/loader.js?02e2e8f57d85757d39969f3608d\",\n    de: \"https:\/\/cdn.trustindex.io\/loader.js?7bb18c9577ff758aaa062b27a5e\"\n  };\n\n  \/\/ Create and inject script\n  var script = document.createElement(\"script\");\n  script.src = trustindex[lang];\n  script.defer = true;\n  script.async = true;\n\n  \/\/ Append script inside this container\n  var container = document.currentScript.parentNode;\n  container.appendChild(script);\n})();\n<\/script>\n<\/div>\t\t\t\t<\/div>\n\t\t\t\t<\/div>\n\t\t\t\t<div class=\"elementor-element elementor-element-f43e1a8 elementor-widget elementor-widget-template\" data-id=\"f43e1a8\" data-element_type=\"widget\" data-e-type=\"widget\" data-widget_type=\"template.default\">\n\t\t\t\t<div class=\"elementor-widget-container\">\n\t\t\t\t\t\t\t<div class=\"elementor-template\">\n\t\t\t\t\t<div data-elementor-type=\"container\" data-elementor-id=\"7714\" class=\"elementor elementor-7714\" data-elementor-post-type=\"elementor_library\">\n\t\t\t\t<div class=\"elementor-element elementor-element-dd395cb e-flex e-con-boxed e-con e-parent\" data-id=\"dd395cb\" data-element_type=\"container\" data-e-type=\"container\" data-settings=\"{&quot;jet_parallax_layout_list&quot;:[]}\">\n\t\t\t\t\t<div class=\"e-con-inner\">\n\t\t\t\t<div class=\"elementor-element elementor-element-fb53236 elementor-icon-list--layout-inline elementor-align-center elementor-list-item-link-full_width elementor-widget elementor-widget-icon-list\" data-id=\"fb53236\" data-element_type=\"widget\" data-e-type=\"widget\" data-widget_type=\"icon-list.default\">\n\t\t\t\t<div class=\"elementor-widget-container\">\n\t\t\t\t\t\t\t<ul class=\"elementor-icon-list-items elementor-inline-items\">\n\t\t\t\t\t\t\t<li class=\"elementor-icon-list-item elementor-inline-item\">\n\t\t\t\t\t\t\t\t\t\t\t<span class=\"elementor-icon-list-icon\">\n\t\t\t\t\t\t\t<i aria-hidden=\"true\" class=\"fas fa-check\"><\/i>\t\t\t\t\t\t<\/span>\n\t\t\t\t\t\t\t\t\t\t<span class=\"elementor-icon-list-text\">Midt i naturen med moderne komfort<\/span>\n\t\t\t\t\t\t\t\t\t<\/li>\n\t\t\t\t\t\t\t\t<li class=\"elementor-icon-list-item elementor-inline-item\">\n\t\t\t\t\t\t\t\t\t\t\t<span class=\"elementor-icon-list-icon\">\n\t\t\t\t\t\t\t<i aria-hidden=\"true\" class=\"fas fa-check\"><\/i>\t\t\t\t\t\t<\/span>\n\t\t\t\t\t\t\t\t\t\t<span class=\"elementor-icon-list-text\">B\u00e6redygtig og rolig naturplads<\/span>\n\t\t\t\t\t\t\t\t\t<\/li>\n\t\t\t\t\t\t\t\t<li class=\"elementor-icon-list-item elementor-inline-item\">\n\t\t\t\t\t\t\t\t\t\t\t<span class=\"elementor-icon-list-icon\">\n\t\t\t\t\t\t\t<i aria-hidden=\"true\" class=\"fas fa-check\"><\/i>\t\t\t\t\t\t<\/span>\n\t\t\t\t\t\t\t\t\t\t<span class=\"elementor-icon-list-text\">Kort afstand til Vesterhavet og Blokhus by<\/span>\n\t\t\t\t\t\t\t\t\t<\/li>\n\t\t\t\t\t\t<\/ul>\n\t\t\t\t\t\t<\/div>\n\t\t\t\t<\/div>\n\t\t\t\t\t<\/div>\n\t\t\t\t<\/div>\n\t\t\t\t<\/div>\n\t\t\t\t<\/div>\n\t\t\t\t\t\t<\/div>\n\t\t\t\t<\/div>\n\t\t\t\t<div class=\"elementor-element elementor-element-6cfa612 elementor-align-center elementor-widget elementor-widget-button\" data-id=\"6cfa612\" data-element_type=\"widget\" data-e-type=\"widget\" data-widget_type=\"button.default\">\n\t\t\t\t<div class=\"elementor-widget-container\">\n\t\t\t\t\t\t\t\t\t<div class=\"elementor-button-wrapper\">\n\t\t\t\t\t<a class=\"elementor-button elementor-button-link elementor-size-sm elementor-animation-grow\" href=\"https:\/\/onlinebooking.camp\/blokhusnaturcamping?lang=da\" target=\"_blank\">\n\t\t\t\t\t\t<span class=\"elementor-button-content-wrapper\">\n\t\t\t\t\t\t<span class=\"elementor-button-icon\">\n\t\t\t\t<i aria-hidden=\"true\" class=\"fas fa-chevron-right\"><\/i>\t\t\t<\/span>\n\t\t\t\t\t\t\t\t\t<span class=\"elementor-button-text\">Book her<\/span>\n\t\t\t\t\t<\/span>\n\t\t\t\t\t<\/a>\n\t\t\t\t<\/div>\n\t\t\t\t\t\t\t\t<\/div>\n\t\t\t\t<\/div>\n\t\t\t\t\t<\/div>\n\t\t\t\t<\/div>\n\t\t<div class=\"elementor-element elementor-element-f705895 e-flex e-con-boxed e-con e-parent\" data-id=\"f705895\" data-element_type=\"container\" data-e-type=\"container\" data-settings=\"{&quot;jet_parallax_layout_list&quot;:[]}\">\n\t\t\t\t\t<div class=\"e-con-inner\">\n\t\t\t\t<div class=\"elementor-element elementor-element-a47f8cb elementor-widget elementor-widget-text-editor\" data-id=\"a47f8cb\" data-element_type=\"widget\" data-e-type=\"widget\" data-widget_type=\"text-editor.default\">\n\t\t\t\t<div class=\"elementor-widget-container\">\n\t\t\t\t\t\t\t\t\t<p>Bette Bj\u00e6lkehytte<\/p>\t\t\t\t\t\t\t\t<\/div>\n\t\t\t\t<\/div>\n\t\t\t\t<div class=\"elementor-element elementor-element-37f1dd3 elementor-widget elementor-widget-heading\" data-id=\"37f1dd3\" data-element_type=\"widget\" data-e-type=\"widget\" data-widget_type=\"heading.default\">\n\t\t\t\t<div class=\"elementor-widget-container\">\n\t\t\t\t\t<h2 class=\"elementor-heading-title elementor-size-default\">CHARMERENDE HYTTESTEMNING MIDT I NATUREN\n<\/h2>\t\t\t\t<\/div>\n\t\t\t\t<\/div>\n\t\t\t\t<div class=\"elementor-element elementor-element-23d9031 elementor-widget elementor-widget-text-editor\" data-id=\"23d9031\" data-element_type=\"widget\" data-e-type=\"widget\" data-widget_type=\"text-editor.default\">\n\t\t\t\t<div class=\"elementor-widget-container\">\n\t\t\t\t\t\t\t\t\t<p>Her finder du to enkelt senge. Desuden er der et bord og to stole, samt lidt grej til madlavning og opvask, s\u00e5 opholdet er komfortabelt. Foran bj\u00e6lkehytten er en veranda, hvor du kan nyde aftensolen.<\/p><p>Vores bj\u00e6lkehytter er upcyclede campinghytter, som har f\u00e5et et nyt udseende og en ny indretning, s\u00e5 de kan skabe rammen om nogle afslappende dage t\u00e6t p\u00e5 naturen. Det kan du nyde godt af.<\/p><p>Der er ikke mulighed for ekstra opredning i denne hytte.<\/p><p>Alle priser er pr. overnatning.<\/p><div class=\"column step-3-12\"><div id=\"site-container-3456\" class=\"Container Placeholder con-109 \" data-snap=\"1\" data-name=\"Content Wrapper\"><div class=\"row\"><div class=\"column step-3-12 step-2-10 step-2-offset-1 step-1-12 step-1-offset-0\"><div id=\"site-container-3457\" class=\"Container Placeholder con-47 \" data-snap=\"1\" data-name=\"Content\"><div class=\"row\"><div class=\"column step-3-12\"><div id=\"site-container-3455\" class=\"Container ModuleElement ContentField Main con-41 \" data-snap=\"1\" data-containertype=\"ContentField\" data-moduleelement=\"2282\" data-name=\"Text\"><div class=\"row\"><div class=\"column step-3-12\"><div id=\"site-container-10350\" class=\"Container ModuleElement Textarea AutoResizable con-64 \" data-snap=\"1\" data-containertype=\"Textarea\" data-moduleelement=\"6129\"><div class=\"Module-6129 Textarea\"><p>Ankomst fra kl. 16:00 med self-check-in. Afrejse senest kl. 11:00.\u00a0<\/p><\/div><\/div><\/div><\/div><\/div><\/div><\/div><\/div><\/div><\/div><\/div><\/div>\t\t\t\t\t\t\t\t<\/div>\n\t\t\t\t<\/div>\n\t\t\t\t\t<\/div>\n\t\t\t\t<\/div>\n\t\t<div class=\"elementor-element elementor-element-37eefb6 e-con-full e-flex e-con e-parent\" data-id=\"37eefb6\" data-element_type=\"container\" data-e-type=\"container\" data-settings=\"{&quot;jet_parallax_layout_list&quot;:[]}\">\n\t\t<div class=\"elementor-element elementor-element-e68c2ce e-con-full e-flex e-con e-child\" data-id=\"e68c2ce\" data-element_type=\"container\" data-e-type=\"container\" data-settings=\"{&quot;jet_parallax_layout_list&quot;:[],&quot;background_background&quot;:&quot;classic&quot;}\">\n\t\t<div class=\"elementor-element elementor-element-dbdb701 e-flex e-con-boxed e-con e-child\" data-id=\"dbdb701\" data-element_type=\"container\" data-e-type=\"container\" data-settings=\"{&quot;jet_parallax_layout_list&quot;:[]}\">\n\t\t\t\t\t<div class=\"e-con-inner\">\n\t\t<div class=\"elementor-element elementor-element-a25c293 e-con-full e-flex e-con e-child\" data-id=\"a25c293\" data-element_type=\"container\" data-e-type=\"container\" data-settings=\"{&quot;jet_parallax_layout_list&quot;:[]}\">\n\t\t\t\t<div class=\"elementor-element elementor-element-266b34b elementor-widget elementor-widget-heading\" data-id=\"266b34b\" data-element_type=\"widget\" data-e-type=\"widget\" data-widget_type=\"heading.default\">\n\t\t\t\t<div class=\"elementor-widget-container\">\n\t\t\t\t\t<h4 class=\"elementor-heading-title elementor-size-default\">Ophold\n<\/h4>\t\t\t\t<\/div>\n\t\t\t\t<\/div>\n\t\t\t\t<div class=\"elementor-element elementor-element-6f89e7d elementor-widget elementor-widget-heading\" data-id=\"6f89e7d\" data-element_type=\"widget\" data-e-type=\"widget\" data-widget_type=\"heading.default\">\n\t\t\t\t<div class=\"elementor-widget-container\">\n\t\t\t\t\t<h2 class=\"elementor-heading-title elementor-size-default\">BETTE BJ\u00c6LKEHYTTE<\/h2>\t\t\t\t<\/div>\n\t\t\t\t<\/div>\n\t\t\t\t<div class=\"elementor-element elementor-element-2f8942c elementor-widget elementor-widget-heading\" data-id=\"2f8942c\" data-element_type=\"widget\" data-e-type=\"widget\" data-widget_type=\"heading.default\">\n\t\t\t\t<div class=\"elementor-widget-container\">\n\t\t\t\t\t<h4 class=\"elementor-heading-title elementor-size-default\">FRA KR. 405,-\n\n<\/h4>\t\t\t\t<\/div>\n\t\t\t\t<\/div>\n\t\t\t\t<div class=\"elementor-element elementor-element-60a6644 elementor-widget elementor-widget-text-editor\" data-id=\"60a6644\" data-element_type=\"widget\" data-e-type=\"widget\" data-widget_type=\"text-editor.default\">\n\t\t\t\t<div class=\"elementor-widget-container\">\n\t\t\t\t\t\t\t\t\t<ul><li>Plads til to personer<\/li><li>Adgang til Blokhus Feriecenters badeland til reduceret pris\u200b<\/li><li><p>Mulighed for tilk\u00f8b af sengelinned \/h\u00e5ndkl\u00e6der<\/p><\/li><\/ul>\t\t\t\t\t\t\t\t<\/div>\n\t\t\t\t<\/div>\n\t\t\t\t<div class=\"elementor-element elementor-element-c382191 elementor-widget elementor-widget-heading\" data-id=\"c382191\" data-element_type=\"widget\" data-e-type=\"widget\" data-widget_type=\"heading.default\">\n\t\t\t\t<div class=\"elementor-widget-container\">\n\t\t\t\t\t<h2 class=\"elementor-heading-title elementor-size-default\">Tilk\u00f8b<\/h2>\t\t\t\t<\/div>\n\t\t\t\t<\/div>\n\t\t\t\t<div class=\"elementor-element elementor-element-b6f7682 elementor-widget elementor-widget-text-editor\" data-id=\"b6f7682\" data-element_type=\"widget\" data-e-type=\"widget\" data-widget_type=\"text-editor.default\">\n\t\t\t\t<div class=\"elementor-widget-container\">\n\t\t\t\t\t\t\t\t\t<ul><li>Slutreng\u00f8ring KR 500,-<\/li><\/ul>\t\t\t\t\t\t\t\t<\/div>\n\t\t\t\t<\/div>\n\t\t\t\t<div class=\"elementor-element elementor-element-fcbc531 elementor-align-left elementor-widget elementor-widget-button\" data-id=\"fcbc531\" data-element_type=\"widget\" data-e-type=\"widget\" data-widget_type=\"button.default\">\n\t\t\t\t<div class=\"elementor-widget-container\">\n\t\t\t\t\t\t\t\t\t<div class=\"elementor-button-wrapper\">\n\t\t\t\t\t<a class=\"elementor-button elementor-button-link elementor-size-sm elementor-animation-grow\" href=\"https:\/\/onlinebooking.camp\/blokhusnaturcamping?lang=da\" target=\"_blank\">\n\t\t\t\t\t\t<span class=\"elementor-button-content-wrapper\">\n\t\t\t\t\t\t<span class=\"elementor-button-icon\">\n\t\t\t\t<i aria-hidden=\"true\" class=\"fas fa-calendar-check\"><\/i>\t\t\t<\/span>\n\t\t\t\t\t\t\t\t\t<span class=\"elementor-button-text\">Book ophold her<\/span>\n\t\t\t\t\t<\/span>\n\t\t\t\t\t<\/a>\n\t\t\t\t<\/div>\n\t\t\t\t\t\t\t\t<\/div>\n\t\t\t\t<\/div>\n\t\t\t\t<\/div>\n\t\t\t\t\t<\/div>\n\t\t\t\t<\/div>\n\t\t\t\t<\/div>\n\t\t<div class=\"elementor-element elementor-element-1dced3d e-con-full e-flex e-con e-child\" data-id=\"1dced3d\" data-element_type=\"container\" data-e-type=\"container\" data-settings=\"{&quot;background_background&quot;:&quot;classic&quot;,&quot;jet_parallax_layout_list&quot;:[]}\">\n\t\t\t\t<div class=\"elementor-element elementor-element-f98f88b elementor-widget elementor-widget-image-carousel\" data-id=\"f98f88b\" data-element_type=\"widget\" data-e-type=\"widget\" data-settings=\"{&quot;slides_to_show&quot;:&quot;2&quot;,&quot;navigation&quot;:&quot;none&quot;,&quot;autoplay_speed&quot;:0,&quot;speed&quot;:3500,&quot;image_spacing_custom&quot;:{&quot;unit&quot;:&quot;px&quot;,&quot;size&quot;:28,&quot;sizes&quot;:[]},&quot;autoplay&quot;:&quot;yes&quot;,&quot;infinite&quot;:&quot;yes&quot;,&quot;image_spacing_custom_widescreen&quot;:{&quot;unit&quot;:&quot;px&quot;,&quot;size&quot;:&quot;&quot;,&quot;sizes&quot;:[]},&quot;image_spacing_custom_tablet&quot;:{&quot;unit&quot;:&quot;px&quot;,&quot;size&quot;:&quot;&quot;,&quot;sizes&quot;:[]},&quot;image_spacing_custom_mobile&quot;:{&quot;unit&quot;:&quot;px&quot;,&quot;size&quot;:&quot;&quot;,&quot;sizes&quot;:[]}}\" data-widget_type=\"image-carousel.default\">\n\t\t\t\t<div class=\"elementor-widget-container\">\n\t\t\t\t\t\t\t<div class=\"elementor-image-carousel-wrapper swiper\" role=\"region\" aria-roledescription=\"carousel\" aria-label=\"Billedkarussel\" dir=\"ltr\">\n\t\t\t<div class=\"elementor-image-carousel swiper-wrapper swiper-image-stretch\" aria-live=\"off\">\n\t\t\t\t\t\t\t\t<div class=\"swiper-slide\" role=\"group\" aria-roledescription=\"slide\" aria-label=\"1 of 4\"><figure class=\"swiper-slide-inner\"><img decoding=\"async\" class=\"swiper-slide-image\" src=\"https:\/\/blokhusnaturcamping.dk\/wp-content\/uploads\/2025\/06\/small-3_120.jpg\" alt=\"small-3_120\" \/><\/figure><\/div><div class=\"swiper-slide\" role=\"group\" aria-roledescription=\"slide\" aria-label=\"2 of 4\"><figure class=\"swiper-slide-inner\"><img decoding=\"async\" class=\"swiper-slide-image\" src=\"https:\/\/blokhusnaturcamping.dk\/wp-content\/uploads\/2025\/06\/small-1_116.jpg\" alt=\"small-1_116\" \/><\/figure><\/div><div class=\"swiper-slide\" role=\"group\" aria-roledescription=\"slide\" aria-label=\"3 of 4\"><figure class=\"swiper-slide-inner\"><img decoding=\"async\" class=\"swiper-slide-image\" src=\"https:\/\/blokhusnaturcamping.dk\/wp-content\/uploads\/2025\/06\/bette-bjaelkehytte-laerk-2_104.jpg\" alt=\"bette-bjaelkehytte-laerk-2_104\" \/><\/figure><\/div><div class=\"swiper-slide\" role=\"group\" aria-roledescription=\"slide\" aria-label=\"4 of 4\"><figure class=\"swiper-slide-inner\"><img decoding=\"async\" class=\"swiper-slide-image\" src=\"https:\/\/blokhusnaturcamping.dk\/wp-content\/uploads\/2025\/06\/ung-pige-foran-shelter-strikker_100.jpg\" alt=\"ung-pige-foran-shelter-strikker_100\" \/><\/figure><\/div>\t\t\t<\/div>\n\t\t\t\t\t\t\t\n\t\t\t\t\t\t\t\t\t<\/div>\n\t\t\t\t\t\t<\/div>\n\t\t\t\t<\/div>\n\t\t\t\t<\/div>\n\t\t\t\t<\/div>\n\t\t\t\t<\/div>\n\t\t","protected":false},"excerpt":{"rendered":"<p>Book her Bette Bj\u00e6lkehytte CHARMERENDE HYTTESTEMNING MIDT I NATUREN Her finder du to enkelt senge. Desuden er der et bord og to stole, samt lidt grej til madlavning og opvask, s\u00e5 opholdet er komfortabelt. Foran bj\u00e6lkehytten er en veranda, hvor du kan nyde aftensolen. Vores bj\u00e6lkehytter er upcyclede campinghytter, som har f\u00e5et et nyt udseende [&hellip;]<\/p>\n","protected":false},"author":1,"featured_media":0,"parent":0,"menu_order":0,"comment_status":"closed","ping_status":"closed","template":"","meta":{"_seopress_robots_primary_cat":"","_seopress_titles_title":"","_seopress_titles_desc":"","_seopress_robots_index":"","footnotes":""},"class_list":["post-6775","page","type-page","status-publish","hentry"],"_links":{"self":[{"href":"https:\/\/blokhusnaturcamping.dk\/en\/wp-json\/wp\/v2\/pages\/6775","targetHints":{"allow":["GET"]}}],"collection":[{"href":"https:\/\/blokhusnaturcamping.dk\/en\/wp-json\/wp\/v2\/pages"}],"about":[{"href":"https:\/\/blokhusnaturcamping.dk\/en\/wp-json\/wp\/v2\/types\/page"}],"author":[{"embeddable":true,"href":"https:\/\/blokhusnaturcamping.dk\/en\/wp-json\/wp\/v2\/users\/1"}],"replies":[{"embeddable":true,"href":"https:\/\/blokhusnaturcamping.dk\/en\/wp-json\/wp\/v2\/comments?post=6775"}],"version-history":[{"count":56,"href":"https:\/\/blokhusnaturcamping.dk\/en\/wp-json\/wp\/v2\/pages\/6775\/revisions"}],"predecessor-version":[{"id":7852,"href":"https:\/\/blokhusnaturcamping.dk\/en\/wp-json\/wp\/v2\/pages\/6775\/revisions\/7852"}],"wp:attachment":[{"href":"https:\/\/blokhusnaturcamping.dk\/en\/wp-json\/wp\/v2\/media?parent=6775"}],"curies":[{"name":"wp","href":"https:\/\/api.w.org\/{rel}","templated":true}]}}