{"id":6799,"date":"2025-05-29T11:40:20","date_gmt":"2025-05-29T09:40:20","guid":{"rendered":"https:\/\/blokhusnaturcamping.dk\/?page_id=6799"},"modified":"2025-11-14T13:07:20","modified_gmt":"2025-11-14T12:07:20","slug":"safarizelt","status":"publish","type":"page","link":"https:\/\/blokhusnaturcamping.dk\/de\/safaritelte\/","title":{"rendered":"Safari-Breitengrad"},"content":{"rendered":"\t\t<div data-elementor-type=\"wp-page\" data-elementor-id=\"6799\" class=\"elementor elementor-6799\" data-elementor-post-type=\"page\">\n\t\t\t\t<div class=\"elementor-element elementor-element-3db3fa0 e-flex e-con-boxed e-con e-parent\" data-id=\"3db3fa0\" data-element_type=\"container\" data-e-type=\"container\" data-settings=\"{&quot;background_background&quot;:&quot;classic&quot;,&quot;jet_parallax_layout_list&quot;:[]}\">\n\t\t\t\t\t<div class=\"e-con-inner\">\n\t\t\t\t<div class=\"elementor-element elementor-element-143795e elementor-widget elementor-widget-html\" data-id=\"143795e\" data-element_type=\"widget\" data-e-type=\"widget\" data-widget_type=\"html.default\">\n\t\t\t\t<div class=\"elementor-widget-container\">\n\t\t\t\t\t<div class=\"trustindex-hero-loader\">\n<script>\n(function () {\n  \/\/ Get first path segment\n  var path = window.location.pathname.replace(\/^\\\/+|\\\/+$\/g, \"\");\n  var seg = path.split(\"\/\")[0].toLowerCase();\n\n  \/\/ Determine language based on URL structure\n  var lang = \"da\"; \/\/ default\n  if (seg === \"en\") lang = \"en\";\n  else if (seg === \"de\") lang = \"de\";\n  else if (seg === \"nl\") lang = \"nl\";\n\n  \/\/ Define script URLs (new ones)\n  var trustindex = {\n    da: \"https:\/\/cdn.trustindex.io\/loader.js?7443090573ec75796a36f5fad9a\",\n    en: \"https:\/\/cdn.trustindex.io\/loader.js?7443090573ec75796a36f5fad9a\",\n    nl: \"https:\/\/cdn.trustindex.io\/loader.js?02e2e8f57d85757d39969f3608d\",\n    de: \"https:\/\/cdn.trustindex.io\/loader.js?7bb18c9577ff758aaa062b27a5e\"\n  };\n\n  \/\/ Create and inject script\n  var script = document.createElement(\"script\");\n  script.src = trustindex[lang];\n  script.defer = true;\n  script.async = true;\n\n  \/\/ Append script inside this container\n  var container = document.currentScript.parentNode;\n  container.appendChild(script);\n})();\n<\/script>\n<\/div>\t\t\t\t<\/div>\n\t\t\t\t<\/div>\n\t\t\t\t<div class=\"elementor-element elementor-element-cadf449 elementor-widget elementor-widget-template\" data-id=\"cadf449\" data-element_type=\"widget\" data-e-type=\"widget\" data-widget_type=\"template.default\">\n\t\t\t\t<div class=\"elementor-widget-container\">\n\t\t\t\t\t\t\t<div class=\"elementor-template\">\n\t\t\t\t\t<div data-elementor-type=\"container\" data-elementor-id=\"7714\" class=\"elementor elementor-7714\" data-elementor-post-type=\"elementor_library\">\n\t\t\t\t<div class=\"elementor-element elementor-element-dd395cb e-flex e-con-boxed e-con e-parent\" data-id=\"dd395cb\" data-element_type=\"container\" data-e-type=\"container\" data-settings=\"{&quot;jet_parallax_layout_list&quot;:[]}\">\n\t\t\t\t\t<div class=\"e-con-inner\">\n\t\t\t\t<div class=\"elementor-element elementor-element-fb53236 elementor-icon-list--layout-inline elementor-align-center elementor-list-item-link-full_width elementor-widget elementor-widget-icon-list\" data-id=\"fb53236\" data-element_type=\"widget\" data-e-type=\"widget\" data-widget_type=\"icon-list.default\">\n\t\t\t\t<div class=\"elementor-widget-container\">\n\t\t\t\t\t\t\t<ul class=\"elementor-icon-list-items elementor-inline-items\">\n\t\t\t\t\t\t\t<li class=\"elementor-icon-list-item elementor-inline-item\">\n\t\t\t\t\t\t\t\t\t\t\t<span class=\"elementor-icon-list-icon\">\n\t\t\t\t\t\t\t<i aria-hidden=\"true\" class=\"fas fa-check\"><\/i>\t\t\t\t\t\t<\/span>\n\t\t\t\t\t\t\t\t\t\t<span class=\"elementor-icon-list-text\">Midt i naturen med moderne komfort<\/span>\n\t\t\t\t\t\t\t\t\t<\/li>\n\t\t\t\t\t\t\t\t<li class=\"elementor-icon-list-item elementor-inline-item\">\n\t\t\t\t\t\t\t\t\t\t\t<span class=\"elementor-icon-list-icon\">\n\t\t\t\t\t\t\t<i aria-hidden=\"true\" class=\"fas fa-check\"><\/i>\t\t\t\t\t\t<\/span>\n\t\t\t\t\t\t\t\t\t\t<span class=\"elementor-icon-list-text\">B\u00e6redygtig og rolig naturplads<\/span>\n\t\t\t\t\t\t\t\t\t<\/li>\n\t\t\t\t\t\t\t\t<li class=\"elementor-icon-list-item elementor-inline-item\">\n\t\t\t\t\t\t\t\t\t\t\t<span class=\"elementor-icon-list-icon\">\n\t\t\t\t\t\t\t<i aria-hidden=\"true\" class=\"fas fa-check\"><\/i>\t\t\t\t\t\t<\/span>\n\t\t\t\t\t\t\t\t\t\t<span class=\"elementor-icon-list-text\">Kort afstand til Vesterhavet og Blokhus by<\/span>\n\t\t\t\t\t\t\t\t\t<\/li>\n\t\t\t\t\t\t<\/ul>\n\t\t\t\t\t\t<\/div>\n\t\t\t\t<\/div>\n\t\t\t\t\t<\/div>\n\t\t\t\t<\/div>\n\t\t\t\t<\/div>\n\t\t\t\t<\/div>\n\t\t\t\t\t\t<\/div>\n\t\t\t\t<\/div>\n\t\t\t\t<div class=\"elementor-element elementor-element-7240945 elementor-align-center elementor-widget elementor-widget-button\" data-id=\"7240945\" data-element_type=\"widget\" data-e-type=\"widget\" data-widget_type=\"button.default\">\n\t\t\t\t<div class=\"elementor-widget-container\">\n\t\t\t\t\t\t\t\t\t<div class=\"elementor-button-wrapper\">\n\t\t\t\t\t<a class=\"elementor-button elementor-button-link elementor-size-sm elementor-animation-grow\" href=\"https:\/\/onlinebooking.camp\/blokhusnaturcamping?lang=da\" target=\"_blank\">\n\t\t\t\t\t\t<span class=\"elementor-button-content-wrapper\">\n\t\t\t\t\t\t<span class=\"elementor-button-icon\">\n\t\t\t\t<i aria-hidden=\"true\" class=\"fas fa-chevron-right\"><\/i>\t\t\t<\/span>\n\t\t\t\t\t\t\t\t\t<span class=\"elementor-button-text\">Book her<\/span>\n\t\t\t\t\t<\/span>\n\t\t\t\t\t<\/a>\n\t\t\t\t<\/div>\n\t\t\t\t\t\t\t\t<\/div>\n\t\t\t\t<\/div>\n\t\t\t\t\t<\/div>\n\t\t\t\t<\/div>\n\t\t<div class=\"elementor-element elementor-element-10b7f9e e-flex e-con-boxed e-con e-parent\" data-id=\"10b7f9e\" data-element_type=\"container\" data-e-type=\"container\" data-settings=\"{&quot;jet_parallax_layout_list&quot;:[]}\">\n\t\t\t\t\t<div class=\"e-con-inner\">\n\t\t\t\t<div class=\"elementor-element elementor-element-b5684ea elementor-widget elementor-widget-text-editor\" data-id=\"b5684ea\" data-element_type=\"widget\" data-e-type=\"widget\" data-widget_type=\"text-editor.default\">\n\t\t\t\t<div class=\"elementor-widget-container\">\n\t\t\t\t\t\t\t\t\t<p class=\"custom36 custom64\">Safaritelte<\/p>\t\t\t\t\t\t\t\t<\/div>\n\t\t\t\t<\/div>\n\t\t\t\t<div class=\"elementor-element elementor-element-5c8bedf elementor-widget elementor-widget-heading\" data-id=\"5c8bedf\" data-element_type=\"widget\" data-e-type=\"widget\" data-widget_type=\"heading.default\">\n\t\t\t\t<div class=\"elementor-widget-container\">\n\t\t\t\t\t<h2 class=\"elementor-heading-title elementor-size-default\">GLAMPING MIDT I NATUREN\n<\/h2>\t\t\t\t<\/div>\n\t\t\t\t<\/div>\n\t\t\t\t<div class=\"elementor-element elementor-element-d06e6c7 elementor-widget elementor-widget-text-editor\" data-id=\"d06e6c7\" data-element_type=\"widget\" data-e-type=\"widget\" data-widget_type=\"text-editor.default\">\n\t\t\t\t<div class=\"elementor-widget-container\">\n\t\t\t\t\t\t\t\t\t<p>I vores nye safaritelte kan du nyde den hyggelige og charmerende teltstemning midt i naturen.<\/p>\n<p>Her finder du fire sengepladser. Desuden er der et bord og stole, samt grej til madlavning og opvask, s\u00e5 opholdet er komfortabelt. Foran teltet er der en overd\u00e6kket veranda, hvor du kan nyde solen, skyggen, regnen, morgenen, aftenen og livet p\u00e5 vores omr\u00e5de.<\/p>\n<p>Vores safaritelte er rummelige og giver god plads til familien. De er indrettet, s\u00e5 de kan skabe rammen om nogle afslappende dage t\u00e6t p\u00e5 naturen. Det kan du og familien nyde godt af.<\/p>\n<p>Der er mulighed for \u00e9n ekstra opredning i teltet mod betaling.<\/p>\n<p>Alle priser er pr. overnatning.<\/p>\n<p>Vi tillader ikke k\u00e6ledyr i teltene.<\/p>\n<p>Ankomst fra kl. 15:00 med self-check-in. Afrejse senest kl. 10:00.<\/p>\t\t\t\t\t\t\t\t<\/div>\n\t\t\t\t<\/div>\n\t\t\t\t<div class=\"elementor-element elementor-element-33da827 elementor-align-left elementor-widget elementor-widget-button\" data-id=\"33da827\" data-element_type=\"widget\" data-e-type=\"widget\" data-widget_type=\"button.default\">\n\t\t\t\t<div class=\"elementor-widget-container\">\n\t\t\t\t\t\t\t\t\t<div class=\"elementor-button-wrapper\">\n\t\t\t\t\t<a class=\"elementor-button elementor-button-link elementor-size-sm elementor-animation-grow\" href=\"https:\/\/blokhusnaturcamping.dk\/reception-butik\/\">\n\t\t\t\t\t\t<span class=\"elementor-button-content-wrapper\">\n\t\t\t\t\t\t<span class=\"elementor-button-icon\">\n\t\t\t\t<i aria-hidden=\"true\" class=\"fas fa-book-reader\"><\/i>\t\t\t<\/span>\n\t\t\t\t\t\t\t\t\t<span class=\"elementor-button-text\">L\u00e6s mere her<\/span>\n\t\t\t\t\t<\/span>\n\t\t\t\t\t<\/a>\n\t\t\t\t<\/div>\n\t\t\t\t\t\t\t\t<\/div>\n\t\t\t\t<\/div>\n\t\t\t\t\t<\/div>\n\t\t\t\t<\/div>\n\t\t<div class=\"elementor-element elementor-element-7761e87 e-con-full e-flex e-con e-parent\" data-id=\"7761e87\" data-element_type=\"container\" data-e-type=\"container\" data-settings=\"{&quot;jet_parallax_layout_list&quot;:[]}\">\n\t\t<div class=\"elementor-element elementor-element-e48c741 e-con-full e-flex e-con e-child\" data-id=\"e48c741\" data-element_type=\"container\" data-e-type=\"container\" data-settings=\"{&quot;jet_parallax_layout_list&quot;:[],&quot;background_background&quot;:&quot;classic&quot;}\">\n\t\t<div class=\"elementor-element elementor-element-2a78397 e-flex e-con-boxed e-con e-child\" data-id=\"2a78397\" data-element_type=\"container\" data-e-type=\"container\" data-settings=\"{&quot;jet_parallax_layout_list&quot;:[]}\">\n\t\t\t\t\t<div class=\"e-con-inner\">\n\t\t<div class=\"elementor-element elementor-element-4085a71 e-con-full e-flex e-con e-child\" data-id=\"4085a71\" data-element_type=\"container\" data-e-type=\"container\" data-settings=\"{&quot;jet_parallax_layout_list&quot;:[]}\">\n\t\t\t\t<div class=\"elementor-element elementor-element-54cbfe7 elementor-widget elementor-widget-heading\" data-id=\"54cbfe7\" data-element_type=\"widget\" data-e-type=\"widget\" data-widget_type=\"heading.default\">\n\t\t\t\t<div class=\"elementor-widget-container\">\n\t\t\t\t\t<h4 class=\"elementor-heading-title elementor-size-default\">Ophold\n<\/h4>\t\t\t\t<\/div>\n\t\t\t\t<\/div>\n\t\t\t\t<div class=\"elementor-element elementor-element-3486204 elementor-widget elementor-widget-heading\" data-id=\"3486204\" data-element_type=\"widget\" data-e-type=\"widget\" data-widget_type=\"heading.default\">\n\t\t\t\t<div class=\"elementor-widget-container\">\n\t\t\t\t\t<h2 class=\"elementor-heading-title elementor-size-default\">SAFARITELT<\/h2>\t\t\t\t<\/div>\n\t\t\t\t<\/div>\n\t\t\t\t<div class=\"elementor-element elementor-element-9d3209f elementor-widget elementor-widget-heading\" data-id=\"9d3209f\" data-element_type=\"widget\" data-e-type=\"widget\" data-widget_type=\"heading.default\">\n\t\t\t\t<div class=\"elementor-widget-container\">\n\t\t\t\t\t<h4 class=\"elementor-heading-title elementor-size-default\">KR. 955,-\n\n<\/h4>\t\t\t\t<\/div>\n\t\t\t\t<\/div>\n\t\t\t\t<div class=\"elementor-element elementor-element-295cb90 elementor-widget elementor-widget-text-editor\" data-id=\"295cb90\" data-element_type=\"widget\" data-e-type=\"widget\" data-widget_type=\"text-editor.default\">\n\t\t\t\t<div class=\"elementor-widget-container\">\n\t\t\t\t\t\t\t\t\t<ul><li>Plads til fire personer<\/li><li>Minimum to overnatninger<\/li><li>Adgang til Blokhus Feriecenters badeland til reduceret pris\u200b<\/li><li>K\u00e6ledyr\u00a0<strong>IKKE\u00a0<\/strong>tilladt<\/li><\/ul>\t\t\t\t\t\t\t\t<\/div>\n\t\t\t\t<\/div>\n\t\t\t\t<div class=\"elementor-element elementor-element-53786fc elementor-widget elementor-widget-heading\" data-id=\"53786fc\" data-element_type=\"widget\" data-e-type=\"widget\" data-widget_type=\"heading.default\">\n\t\t\t\t<div class=\"elementor-widget-container\">\n\t\t\t\t\t<h2 class=\"elementor-heading-title elementor-size-default\">Tilk\u00f8b<\/h2>\t\t\t\t<\/div>\n\t\t\t\t<\/div>\n\t\t\t\t<div class=\"elementor-element elementor-element-aee3dd8 elementor-widget elementor-widget-heading\" data-id=\"aee3dd8\" data-element_type=\"widget\" data-e-type=\"widget\" data-widget_type=\"heading.default\">\n\t\t\t\t<div class=\"elementor-widget-container\">\n\t\t\t\t\t<h4 class=\"elementor-heading-title elementor-size-default\">\u200bKR. 150,-\n<\/h4>\t\t\t\t<\/div>\n\t\t\t\t<\/div>\n\t\t\t\t<div class=\"elementor-element elementor-element-ef74d52 elementor-widget elementor-widget-text-editor\" data-id=\"ef74d52\" data-element_type=\"widget\" data-e-type=\"widget\" data-widget_type=\"text-editor.default\">\n\t\t\t\t<div class=\"elementor-widget-container\">\n\t\t\t\t\t\t\t\t\t<ul><li>En ekstra opredning pr nat.<\/li><\/ul>\t\t\t\t\t\t\t\t<\/div>\n\t\t\t\t<\/div>\n\t\t\t\t<div class=\"elementor-element elementor-element-539933d elementor-align-left elementor-widget elementor-widget-button\" data-id=\"539933d\" data-element_type=\"widget\" data-e-type=\"widget\" data-widget_type=\"button.default\">\n\t\t\t\t<div class=\"elementor-widget-container\">\n\t\t\t\t\t\t\t\t\t<div class=\"elementor-button-wrapper\">\n\t\t\t\t\t<a class=\"elementor-button elementor-button-link elementor-size-sm elementor-animation-grow\" href=\"https:\/\/onlinebooking.camp\/blokhusnaturcamping?lang=da\" target=\"_blank\">\n\t\t\t\t\t\t<span class=\"elementor-button-content-wrapper\">\n\t\t\t\t\t\t<span class=\"elementor-button-icon\">\n\t\t\t\t<i aria-hidden=\"true\" class=\"fas fa-calendar-check\"><\/i>\t\t\t<\/span>\n\t\t\t\t\t\t\t\t\t<span class=\"elementor-button-text\">Book ophold her<\/span>\n\t\t\t\t\t<\/span>\n\t\t\t\t\t<\/a>\n\t\t\t\t<\/div>\n\t\t\t\t\t\t\t\t<\/div>\n\t\t\t\t<\/div>\n\t\t\t\t<\/div>\n\t\t\t\t\t<\/div>\n\t\t\t\t<\/div>\n\t\t\t\t<\/div>\n\t\t<div class=\"elementor-element elementor-element-73e761d e-con-full e-flex e-con e-child\" data-id=\"73e761d\" data-element_type=\"container\" data-e-type=\"container\" data-settings=\"{&quot;background_background&quot;:&quot;classic&quot;,&quot;jet_parallax_layout_list&quot;:[]}\">\n\t\t\t\t<\/div>\n\t\t\t\t<\/div>\n\t\t\t\t<\/div>\n\t\t","protected":false},"excerpt":{"rendered":"<p>Book her Safaritelte GLAMPING MIDT I NATUREN I vores nye safaritelte kan du nyde den hyggelige og charmerende teltstemning midt i naturen. Her finder du fire sengepladser. Desuden er der et bord og stole, samt grej til madlavning og opvask, s\u00e5 opholdet er komfortabelt. Foran teltet er der en overd\u00e6kket veranda, hvor du kan nyde [&hellip;]<\/p>\n","protected":false},"author":1,"featured_media":0,"parent":0,"menu_order":0,"comment_status":"closed","ping_status":"closed","template":"","meta":{"footnotes":""},"class_list":["post-6799","page","type-page","status-publish","hentry"],"_links":{"self":[{"href":"https:\/\/blokhusnaturcamping.dk\/de\/wp-json\/wp\/v2\/pages\/6799","targetHints":{"allow":["GET"]}}],"collection":[{"href":"https:\/\/blokhusnaturcamping.dk\/de\/wp-json\/wp\/v2\/pages"}],"about":[{"href":"https:\/\/blokhusnaturcamping.dk\/de\/wp-json\/wp\/v2\/types\/page"}],"author":[{"embeddable":true,"href":"https:\/\/blokhusnaturcamping.dk\/de\/wp-json\/wp\/v2\/users\/1"}],"replies":[{"embeddable":true,"href":"https:\/\/blokhusnaturcamping.dk\/de\/wp-json\/wp\/v2\/comments?post=6799"}],"version-history":[{"count":19,"href":"https:\/\/blokhusnaturcamping.dk\/de\/wp-json\/wp\/v2\/pages\/6799\/revisions"}],"predecessor-version":[{"id":7755,"href":"https:\/\/blokhusnaturcamping.dk\/de\/wp-json\/wp\/v2\/pages\/6799\/revisions\/7755"}],"wp:attachment":[{"href":"https:\/\/blokhusnaturcamping.dk\/de\/wp-json\/wp\/v2\/media?parent=6799"}],"curies":[{"name":"wp","href":"https:\/\/api.w.org\/{rel}","templated":true}]}}