{"id":6781,"date":"2025-05-29T11:31:26","date_gmt":"2025-05-29T09:31:26","guid":{"rendered":"https:\/\/blokhusnaturcamping.dk\/?page_id=6781"},"modified":"2025-12-03T13:30:08","modified_gmt":"2025-12-03T12:30:08","slug":"naturlicher-schutz","status":"publish","type":"page","link":"https:\/\/blokhusnaturcamping.dk\/de\/naturskjul\/","title":{"rendered":"Schutz der Natur"},"content":{"rendered":"\t\t<div data-elementor-type=\"wp-page\" data-elementor-id=\"6781\" class=\"elementor elementor-6781\" data-elementor-post-type=\"page\">\n\t\t\t\t<div class=\"elementor-element elementor-element-5580b3e e-flex e-con-boxed e-con e-parent\" data-id=\"5580b3e\" data-element_type=\"container\" data-e-type=\"container\" data-settings=\"{&quot;background_background&quot;:&quot;classic&quot;,&quot;jet_parallax_layout_list&quot;:[]}\">\n\t\t\t\t\t<div class=\"e-con-inner\">\n\t\t\t\t<div class=\"elementor-element elementor-element-336aa5c elementor-widget elementor-widget-html\" data-id=\"336aa5c\" data-element_type=\"widget\" data-e-type=\"widget\" data-widget_type=\"html.default\">\n\t\t\t\t<div class=\"elementor-widget-container\">\n\t\t\t\t\t<div class=\"trustindex-hero-loader\">\n<script>\n(function () {\n  \/\/ Get first path segment\n  var path = window.location.pathname.replace(\/^\\\/+|\\\/+$\/g, \"\");\n  var seg = path.split(\"\/\")[0].toLowerCase();\n\n  \/\/ Determine language based on URL structure\n  var lang = \"da\"; \/\/ default\n  if (seg === \"en\") lang = \"en\";\n  else if (seg === \"de\") lang = \"de\";\n  else if (seg === \"nl\") lang = \"nl\";\n\n  \/\/ Define script URLs (new ones)\n  var trustindex = {\n    da: \"https:\/\/cdn.trustindex.io\/loader.js?7443090573ec75796a36f5fad9a\",\n    en: \"https:\/\/cdn.trustindex.io\/loader.js?7443090573ec75796a36f5fad9a\",\n    nl: \"https:\/\/cdn.trustindex.io\/loader.js?02e2e8f57d85757d39969f3608d\",\n    de: \"https:\/\/cdn.trustindex.io\/loader.js?7bb18c9577ff758aaa062b27a5e\"\n  };\n\n  \/\/ Create and inject script\n  var script = document.createElement(\"script\");\n  script.src = trustindex[lang];\n  script.defer = true;\n  script.async = true;\n\n  \/\/ Append script inside this container\n  var container = document.currentScript.parentNode;\n  container.appendChild(script);\n})();\n<\/script>\n<\/div>\t\t\t\t<\/div>\n\t\t\t\t<\/div>\n\t\t\t\t<div class=\"elementor-element elementor-element-d5e5f37 elementor-widget elementor-widget-template\" data-id=\"d5e5f37\" data-element_type=\"widget\" data-e-type=\"widget\" data-widget_type=\"template.default\">\n\t\t\t\t<div class=\"elementor-widget-container\">\n\t\t\t\t\t\t\t<div class=\"elementor-template\">\n\t\t\t\t\t<div data-elementor-type=\"container\" data-elementor-id=\"7714\" class=\"elementor elementor-7714\" data-elementor-post-type=\"elementor_library\">\n\t\t\t\t<div class=\"elementor-element elementor-element-dd395cb e-flex e-con-boxed e-con e-parent\" data-id=\"dd395cb\" data-element_type=\"container\" data-e-type=\"container\" data-settings=\"{&quot;jet_parallax_layout_list&quot;:[]}\">\n\t\t\t\t\t<div class=\"e-con-inner\">\n\t\t\t\t<div class=\"elementor-element elementor-element-fb53236 elementor-icon-list--layout-inline elementor-align-center elementor-list-item-link-full_width elementor-widget elementor-widget-icon-list\" data-id=\"fb53236\" data-element_type=\"widget\" data-e-type=\"widget\" data-widget_type=\"icon-list.default\">\n\t\t\t\t<div class=\"elementor-widget-container\">\n\t\t\t\t\t\t\t<ul class=\"elementor-icon-list-items elementor-inline-items\">\n\t\t\t\t\t\t\t<li class=\"elementor-icon-list-item elementor-inline-item\">\n\t\t\t\t\t\t\t\t\t\t\t<span class=\"elementor-icon-list-icon\">\n\t\t\t\t\t\t\t<i aria-hidden=\"true\" class=\"fas fa-check\"><\/i>\t\t\t\t\t\t<\/span>\n\t\t\t\t\t\t\t\t\t\t<span class=\"elementor-icon-list-text\">Midt i naturen med moderne komfort<\/span>\n\t\t\t\t\t\t\t\t\t<\/li>\n\t\t\t\t\t\t\t\t<li class=\"elementor-icon-list-item elementor-inline-item\">\n\t\t\t\t\t\t\t\t\t\t\t<span class=\"elementor-icon-list-icon\">\n\t\t\t\t\t\t\t<i aria-hidden=\"true\" class=\"fas fa-check\"><\/i>\t\t\t\t\t\t<\/span>\n\t\t\t\t\t\t\t\t\t\t<span class=\"elementor-icon-list-text\">B\u00e6redygtig og rolig naturplads<\/span>\n\t\t\t\t\t\t\t\t\t<\/li>\n\t\t\t\t\t\t\t\t<li class=\"elementor-icon-list-item elementor-inline-item\">\n\t\t\t\t\t\t\t\t\t\t\t<span class=\"elementor-icon-list-icon\">\n\t\t\t\t\t\t\t<i aria-hidden=\"true\" class=\"fas fa-check\"><\/i>\t\t\t\t\t\t<\/span>\n\t\t\t\t\t\t\t\t\t\t<span class=\"elementor-icon-list-text\">Kort afstand til Vesterhavet og Blokhus by<\/span>\n\t\t\t\t\t\t\t\t\t<\/li>\n\t\t\t\t\t\t<\/ul>\n\t\t\t\t\t\t<\/div>\n\t\t\t\t<\/div>\n\t\t\t\t\t<\/div>\n\t\t\t\t<\/div>\n\t\t\t\t<\/div>\n\t\t\t\t<\/div>\n\t\t\t\t\t\t<\/div>\n\t\t\t\t<\/div>\n\t\t\t\t<div class=\"elementor-element elementor-element-54a9a5b elementor-align-center elementor-widget elementor-widget-button\" data-id=\"54a9a5b\" data-element_type=\"widget\" data-e-type=\"widget\" data-widget_type=\"button.default\">\n\t\t\t\t<div class=\"elementor-widget-container\">\n\t\t\t\t\t\t\t\t\t<div class=\"elementor-button-wrapper\">\n\t\t\t\t\t<a class=\"elementor-button elementor-button-link elementor-size-sm elementor-animation-grow\" href=\"https:\/\/onlinebooking.camp\/blokhusnaturcamping?lang=da\" target=\"_blank\">\n\t\t\t\t\t\t<span class=\"elementor-button-content-wrapper\">\n\t\t\t\t\t\t<span class=\"elementor-button-icon\">\n\t\t\t\t<i aria-hidden=\"true\" class=\"fas fa-chevron-right\"><\/i>\t\t\t<\/span>\n\t\t\t\t\t\t\t\t\t<span class=\"elementor-button-text\">Book her<\/span>\n\t\t\t\t\t<\/span>\n\t\t\t\t\t<\/a>\n\t\t\t\t<\/div>\n\t\t\t\t\t\t\t\t<\/div>\n\t\t\t\t<\/div>\n\t\t\t\t\t<\/div>\n\t\t\t\t<\/div>\n\t\t<div class=\"elementor-element elementor-element-f228638 e-flex e-con-boxed e-con e-parent\" data-id=\"f228638\" data-element_type=\"container\" data-e-type=\"container\" data-settings=\"{&quot;jet_parallax_layout_list&quot;:[]}\">\n\t\t\t\t\t<div class=\"e-con-inner\">\n\t\t\t\t<div class=\"elementor-element elementor-element-3fc3b3c elementor-widget elementor-widget-text-editor\" data-id=\"3fc3b3c\" data-element_type=\"widget\" data-e-type=\"widget\" data-widget_type=\"text-editor.default\">\n\t\t\t\t<div class=\"elementor-widget-container\">\n\t\t\t\t\t\t\t\t\t<p>Naturskjul<\/p>\t\t\t\t\t\t\t\t<\/div>\n\t\t\t\t<\/div>\n\t\t\t\t<div class=\"elementor-element elementor-element-6a6a794 elementor-widget elementor-widget-heading\" data-id=\"6a6a794\" data-element_type=\"widget\" data-e-type=\"widget\" data-widget_type=\"heading.default\">\n\t\t\t\t<div class=\"elementor-widget-container\">\n\t\t\t\t\t<h2 class=\"elementor-heading-title elementor-size-default\">MINIHYTTE HVOR TO KAN SOVE TRYGT OG GODT\n<\/h2>\t\t\t\t<\/div>\n\t\t\t\t<\/div>\n\t\t\t\t<div class=\"elementor-element elementor-element-1e21d29 elementor-widget elementor-widget-text-editor\" data-id=\"1e21d29\" data-element_type=\"widget\" data-e-type=\"widget\" data-widget_type=\"text-editor.default\">\n\t\t\t\t<div class=\"elementor-widget-container\">\n\t\t\t\t\t\t\t\t\t<div class=\"column step-3-12\"><div id=\"site-container-3456\" class=\"Container Placeholder con-109 \" data-snap=\"1\" data-name=\"Content Wrapper\"><div class=\"row\"><div class=\"column step-3-12 step-2-10 step-2-offset-1 step-1-12 step-1-offset-0\"><div id=\"site-container-3457\" class=\"Container Placeholder con-47 \" data-snap=\"1\" data-name=\"Content\"><div class=\"row\"><div class=\"column step-3-12\"><div id=\"site-container-3455\" class=\"Container ModuleElement ContentField Main con-41 \" data-snap=\"1\" data-containertype=\"ContentField\" data-moduleelement=\"2282\" data-name=\"Text\"><div class=\"row\"><div class=\"column step-3-12\"><div id=\"site-container-11326\" class=\"Container ModuleElement Textarea AutoResizable con-64 \" data-snap=\"1\" data-containertype=\"Textarea\" data-moduleelement=\"6689\"><div class=\"Module-6689 Textarea\"><p>Her finder du en dobbeltseng (140cm x 200cm) med plads til to personer samt lidt grej til madlavning og opvask. Som en lille ekstra bonus finder du ogs\u00e5 en original kogebog til b\u00e5lmad og mad tilberedt p\u00e5 primus, s\u00e5 du kan blive inspireret til at pr\u00f8ve kr\u00e6fter med den primitive madlavning. Foran jeres skjul kan du nyde en kop kaffe i enten aftensolen eller morgensolen.<\/p><p>Der er ikke mulighed for en ekstra opredning i vores naturskjul.<\/p><p>Det er tilladt mod betaling at medbringe en hund i vores Naturskjul.<\/p><p>Alle priser er pr. overnatning.<\/p><p>Ankomst fra kl. 15:00 med self-check-in. Afrejse senest kl. 10:00.\u00a0<\/p><\/div><\/div><\/div><\/div><\/div><\/div><\/div><\/div><\/div><\/div><\/div><\/div>\t\t\t\t\t\t\t\t<\/div>\n\t\t\t\t<\/div>\n\t\t\t\t\t<\/div>\n\t\t\t\t<\/div>\n\t\t<div class=\"elementor-element elementor-element-2ca48b7 e-con-full e-flex e-con e-parent\" data-id=\"2ca48b7\" data-element_type=\"container\" data-e-type=\"container\" data-settings=\"{&quot;jet_parallax_layout_list&quot;:[]}\">\n\t\t<div class=\"elementor-element elementor-element-ef6cc6b e-con-full e-flex e-con e-child\" data-id=\"ef6cc6b\" data-element_type=\"container\" data-e-type=\"container\" data-settings=\"{&quot;jet_parallax_layout_list&quot;:[],&quot;background_background&quot;:&quot;classic&quot;}\">\n\t\t<div class=\"elementor-element elementor-element-13781fa e-flex e-con-boxed e-con e-child\" data-id=\"13781fa\" data-element_type=\"container\" data-e-type=\"container\" data-settings=\"{&quot;jet_parallax_layout_list&quot;:[]}\">\n\t\t\t\t\t<div class=\"e-con-inner\">\n\t\t<div class=\"elementor-element elementor-element-c413787 e-con-full e-flex e-con e-child\" data-id=\"c413787\" data-element_type=\"container\" data-e-type=\"container\" data-settings=\"{&quot;jet_parallax_layout_list&quot;:[]}\">\n\t\t\t\t<div class=\"elementor-element elementor-element-aac2daf elementor-widget elementor-widget-heading\" data-id=\"aac2daf\" data-element_type=\"widget\" data-e-type=\"widget\" data-widget_type=\"heading.default\">\n\t\t\t\t<div class=\"elementor-widget-container\">\n\t\t\t\t\t<h4 class=\"elementor-heading-title elementor-size-default\">Ophold\n<\/h4>\t\t\t\t<\/div>\n\t\t\t\t<\/div>\n\t\t\t\t<div class=\"elementor-element elementor-element-e210351 elementor-widget elementor-widget-heading\" data-id=\"e210351\" data-element_type=\"widget\" data-e-type=\"widget\" data-widget_type=\"heading.default\">\n\t\t\t\t<div class=\"elementor-widget-container\">\n\t\t\t\t\t<h2 class=\"elementor-heading-title elementor-size-default\">Naturskjul<\/h2>\t\t\t\t<\/div>\n\t\t\t\t<\/div>\n\t\t\t\t<div class=\"elementor-element elementor-element-99f897a elementor-widget elementor-widget-heading\" data-id=\"99f897a\" data-element_type=\"widget\" data-e-type=\"widget\" data-widget_type=\"heading.default\">\n\t\t\t\t<div class=\"elementor-widget-container\">\n\t\t\t\t\t<h4 class=\"elementor-heading-title elementor-size-default\">fra KR. 405,-\n\n<\/h4>\t\t\t\t<\/div>\n\t\t\t\t<\/div>\n\t\t\t\t<div class=\"elementor-element elementor-element-e913ab2 elementor-widget elementor-widget-text-editor\" data-id=\"e913ab2\" data-element_type=\"widget\" data-e-type=\"widget\" data-widget_type=\"text-editor.default\">\n\t\t\t\t<div class=\"elementor-widget-container\">\n\t\t\t\t\t\t\t\t\t<ul><li><p>Plads til to personer<\/p><\/li><li><p>Adgang til Blokhus Feriecenters badeland til reduceret pris<\/p><\/li><li><p>Mulighed for tilk\u00f8b af sengelinned \/h\u00e5ndkl\u00e6de<\/p><\/li><\/ul>\t\t\t\t\t\t\t\t<\/div>\n\t\t\t\t<\/div>\n\t\t\t\t<div class=\"elementor-element elementor-element-84b76be elementor-widget elementor-widget-heading\" data-id=\"84b76be\" data-element_type=\"widget\" data-e-type=\"widget\" data-widget_type=\"heading.default\">\n\t\t\t\t<div class=\"elementor-widget-container\">\n\t\t\t\t\t<h2 class=\"elementor-heading-title elementor-size-default\">Tilk\u00f8b<\/h2>\t\t\t\t<\/div>\n\t\t\t\t<\/div>\n\t\t\t\t<div class=\"elementor-element elementor-element-b94b4fa elementor-widget elementor-widget-text-editor\" data-id=\"b94b4fa\" data-element_type=\"widget\" data-e-type=\"widget\" data-widget_type=\"text-editor.default\">\n\t\t\t\t<div class=\"elementor-widget-container\">\n\t\t\t\t\t\t\t\t\t<ul><li>K\u00e6ledyr tilk\u00f8b 50kr pr. dag<\/li><\/ul>\t\t\t\t\t\t\t\t<\/div>\n\t\t\t\t<\/div>\n\t\t\t\t<div class=\"elementor-element elementor-element-f17ee19 elementor-align-left elementor-widget elementor-widget-button\" data-id=\"f17ee19\" data-element_type=\"widget\" data-e-type=\"widget\" data-widget_type=\"button.default\">\n\t\t\t\t<div class=\"elementor-widget-container\">\n\t\t\t\t\t\t\t\t\t<div class=\"elementor-button-wrapper\">\n\t\t\t\t\t<a class=\"elementor-button elementor-button-link elementor-size-sm elementor-animation-grow\" href=\"https:\/\/onlinebooking.camp\/blokhusnaturcamping?lang=da\" target=\"_blank\">\n\t\t\t\t\t\t<span class=\"elementor-button-content-wrapper\">\n\t\t\t\t\t\t<span class=\"elementor-button-icon\">\n\t\t\t\t<i aria-hidden=\"true\" class=\"fas fa-calendar-check\"><\/i>\t\t\t<\/span>\n\t\t\t\t\t\t\t\t\t<span class=\"elementor-button-text\">Book ophold her<\/span>\n\t\t\t\t\t<\/span>\n\t\t\t\t\t<\/a>\n\t\t\t\t<\/div>\n\t\t\t\t\t\t\t\t<\/div>\n\t\t\t\t<\/div>\n\t\t\t\t<\/div>\n\t\t\t\t\t<\/div>\n\t\t\t\t<\/div>\n\t\t\t\t<\/div>\n\t\t<div class=\"elementor-element elementor-element-f74049b e-con-full e-flex e-con e-child\" data-id=\"f74049b\" data-element_type=\"container\" data-e-type=\"container\" data-settings=\"{&quot;background_background&quot;:&quot;classic&quot;,&quot;jet_parallax_layout_list&quot;:[]}\">\n\t\t\t\t<div class=\"elementor-element elementor-element-b346bf3 elementor-widget elementor-widget-image-carousel\" data-id=\"b346bf3\" data-element_type=\"widget\" data-e-type=\"widget\" data-settings=\"{&quot;slides_to_show&quot;:&quot;2&quot;,&quot;navigation&quot;:&quot;none&quot;,&quot;autoplay_speed&quot;:0,&quot;speed&quot;:3500,&quot;image_spacing_custom&quot;:{&quot;unit&quot;:&quot;px&quot;,&quot;size&quot;:28,&quot;sizes&quot;:[]},&quot;autoplay&quot;:&quot;yes&quot;,&quot;infinite&quot;:&quot;yes&quot;,&quot;image_spacing_custom_widescreen&quot;:{&quot;unit&quot;:&quot;px&quot;,&quot;size&quot;:&quot;&quot;,&quot;sizes&quot;:[]},&quot;image_spacing_custom_tablet&quot;:{&quot;unit&quot;:&quot;px&quot;,&quot;size&quot;:&quot;&quot;,&quot;sizes&quot;:[]},&quot;image_spacing_custom_mobile&quot;:{&quot;unit&quot;:&quot;px&quot;,&quot;size&quot;:&quot;&quot;,&quot;sizes&quot;:[]}}\" data-widget_type=\"image-carousel.default\">\n\t\t\t\t<div class=\"elementor-widget-container\">\n\t\t\t\t\t\t\t<div class=\"elementor-image-carousel-wrapper swiper\" role=\"region\" aria-roledescription=\"carousel\" aria-label=\"Billedkarussel\" dir=\"ltr\">\n\t\t\t<div class=\"elementor-image-carousel swiper-wrapper swiper-image-stretch\" aria-live=\"off\">\n\t\t\t\t\t\t\t\t<div class=\"swiper-slide\" role=\"group\" aria-roledescription=\"slide\" aria-label=\"1 af 7\"><figure class=\"swiper-slide-inner\"><img decoding=\"async\" class=\"swiper-slide-image\" src=\"https:\/\/blokhusnaturcamping.dk\/wp-content\/uploads\/2025\/06\/nr-3-a_216.jpg\" alt=\"nr-3-a_216\" \/><\/figure><\/div><div class=\"swiper-slide\" role=\"group\" aria-roledescription=\"slide\" aria-label=\"2 af 7\"><figure class=\"swiper-slide-inner\"><img decoding=\"async\" class=\"swiper-slide-image\" src=\"https:\/\/blokhusnaturcamping.dk\/wp-content\/uploads\/2025\/06\/med-seng-2_212.jpg\" alt=\"med-seng-2_212\" \/><\/figure><\/div><div class=\"swiper-slide\" role=\"group\" aria-roledescription=\"slide\" aria-label=\"3 af 7\"><figure class=\"swiper-slide-inner\"><img decoding=\"async\" class=\"swiper-slide-image\" src=\"https:\/\/blokhusnaturcamping.dk\/wp-content\/uploads\/2025\/06\/faerdigt-nr-3-c_208.jpg\" alt=\"faerdigt-nr-3-c_208\" \/><\/figure><\/div><div class=\"swiper-slide\" role=\"group\" aria-roledescription=\"slide\" aria-label=\"4 af 7\"><figure class=\"swiper-slide-inner\"><img decoding=\"async\" class=\"swiper-slide-image\" src=\"https:\/\/blokhusnaturcamping.dk\/wp-content\/uploads\/2025\/06\/faerdigt-nr-3-b_204.jpg\" alt=\"faerdigt-nr-3-b_204\" \/><\/figure><\/div><div class=\"swiper-slide\" role=\"group\" aria-roledescription=\"slide\" aria-label=\"5 af 7\"><figure class=\"swiper-slide-inner\"><img decoding=\"async\" class=\"swiper-slide-image\" src=\"https:\/\/blokhusnaturcamping.dk\/wp-content\/uploads\/2025\/06\/outdoor-bedroom-aabent-vindue_200.jpg\" alt=\"outdoor-bedroom-aabent-vindue_200\" \/><\/figure><\/div><div class=\"swiper-slide\" role=\"group\" aria-roledescription=\"slide\" aria-label=\"6 af 7\"><figure class=\"swiper-slide-inner\"><img decoding=\"async\" class=\"swiper-slide-image\" src=\"https:\/\/blokhusnaturcamping.dk\/wp-content\/uploads\/2025\/06\/outdoor-bedroom-med-sol_196.jpg\" alt=\"outdoor-bedroom-med-sol_196\" \/><\/figure><\/div><div class=\"swiper-slide\" role=\"group\" aria-roledescription=\"slide\" aria-label=\"7 af 7\"><figure class=\"swiper-slide-inner\"><img decoding=\"async\" class=\"swiper-slide-image\" src=\"https:\/\/blokhusnaturcamping.dk\/wp-content\/uploads\/2025\/06\/med-seng-3_1_192.jpg\" alt=\"med-seng-3_(1)_192\" \/><\/figure><\/div>\t\t\t<\/div>\n\t\t\t\t\t\t\t\n\t\t\t\t\t\t\t\t\t<\/div>\n\t\t\t\t\t\t<\/div>\n\t\t\t\t<\/div>\n\t\t\t\t<\/div>\n\t\t\t\t<\/div>\n\t\t\t\t<\/div>\n\t\t","protected":false},"excerpt":{"rendered":"<p>Book her Naturskjul MINIHYTTE HVOR TO KAN SOVE TRYGT OG GODT Her finder du en dobbeltseng (140cm x 200cm) med plads til to personer samt lidt grej til madlavning og opvask. Som en lille ekstra bonus finder du ogs\u00e5 en original kogebog til b\u00e5lmad og mad tilberedt p\u00e5 primus, s\u00e5 du kan blive inspireret til [&hellip;]<\/p>\n","protected":false},"author":1,"featured_media":0,"parent":0,"menu_order":0,"comment_status":"closed","ping_status":"closed","template":"","meta":{"footnotes":""},"class_list":["post-6781","page","type-page","status-publish","hentry"],"_links":{"self":[{"href":"https:\/\/blokhusnaturcamping.dk\/de\/wp-json\/wp\/v2\/pages\/6781","targetHints":{"allow":["GET"]}}],"collection":[{"href":"https:\/\/blokhusnaturcamping.dk\/de\/wp-json\/wp\/v2\/pages"}],"about":[{"href":"https:\/\/blokhusnaturcamping.dk\/de\/wp-json\/wp\/v2\/types\/page"}],"author":[{"embeddable":true,"href":"https:\/\/blokhusnaturcamping.dk\/de\/wp-json\/wp\/v2\/users\/1"}],"replies":[{"embeddable":true,"href":"https:\/\/blokhusnaturcamping.dk\/de\/wp-json\/wp\/v2\/comments?post=6781"}],"version-history":[{"count":20,"href":"https:\/\/blokhusnaturcamping.dk\/de\/wp-json\/wp\/v2\/pages\/6781\/revisions"}],"predecessor-version":[{"id":7861,"href":"https:\/\/blokhusnaturcamping.dk\/de\/wp-json\/wp\/v2\/pages\/6781\/revisions\/7861"}],"wp:attachment":[{"href":"https:\/\/blokhusnaturcamping.dk\/de\/wp-json\/wp\/v2\/media?parent=6781"}],"curies":[{"name":"wp","href":"https:\/\/api.w.org\/{rel}","templated":true}]}}