{"id":6773,"date":"2025-05-29T11:28:34","date_gmt":"2025-05-29T09:28:34","guid":{"rendered":"https:\/\/blokhusnaturcamping.dk\/?page_id=6773"},"modified":"2025-12-02T08:19:56","modified_gmt":"2025-12-02T07:19:56","slug":"acsi-zusammenarbeit","status":"publish","type":"page","link":"https:\/\/blokhusnaturcamping.dk\/de\/acsi-samarbejde\/","title":{"rendered":"ACSI-Kooperation"},"content":{"rendered":"\t\t<div data-elementor-type=\"wp-page\" data-elementor-id=\"6773\" class=\"elementor elementor-6773\" data-elementor-post-type=\"page\">\n\t\t\t\t<div class=\"elementor-element elementor-element-dd3be16 e-flex e-con-boxed e-con e-parent\" data-id=\"dd3be16\" data-element_type=\"container\" data-e-type=\"container\" data-settings=\"{&quot;background_background&quot;:&quot;classic&quot;,&quot;jet_parallax_layout_list&quot;:[]}\">\n\t\t\t\t\t<div class=\"e-con-inner\">\n\t\t\t\t<div class=\"elementor-element elementor-element-0ad13f4 elementor-widget elementor-widget-html\" data-id=\"0ad13f4\" data-element_type=\"widget\" data-e-type=\"widget\" data-widget_type=\"html.default\">\n\t\t\t\t<div class=\"elementor-widget-container\">\n\t\t\t\t\t<div class=\"trustindex-hero-loader\">\n<script>\n(function () {\n  \/\/ Get first path segment\n  var path = window.location.pathname.replace(\/^\\\/+|\\\/+$\/g, \"\");\n  var seg = path.split(\"\/\")[0].toLowerCase();\n\n  \/\/ Determine language based on URL structure\n  var lang = \"da\"; \/\/ default\n  if (seg === \"en\") lang = \"en\";\n  else if (seg === \"de\") lang = \"de\";\n  else if (seg === \"nl\") lang = \"nl\";\n\n  \/\/ Define script URLs (new ones)\n  var trustindex = {\n    da: \"https:\/\/cdn.trustindex.io\/loader.js?7443090573ec75796a36f5fad9a\",\n    en: \"https:\/\/cdn.trustindex.io\/loader.js?7443090573ec75796a36f5fad9a\",\n    nl: \"https:\/\/cdn.trustindex.io\/loader.js?02e2e8f57d85757d39969f3608d\",\n    de: \"https:\/\/cdn.trustindex.io\/loader.js?7bb18c9577ff758aaa062b27a5e\"\n  };\n\n  \/\/ Create and inject script\n  var script = document.createElement(\"script\");\n  script.src = trustindex[lang];\n  script.defer = true;\n  script.async = true;\n\n  \/\/ Append script inside this container\n  var container = document.currentScript.parentNode;\n  container.appendChild(script);\n})();\n<\/script>\n<\/div>\t\t\t\t<\/div>\n\t\t\t\t<\/div>\n\t\t\t\t<div class=\"elementor-element elementor-element-b00e6fa elementor-widget elementor-widget-template\" data-id=\"b00e6fa\" data-element_type=\"widget\" data-e-type=\"widget\" data-widget_type=\"template.default\">\n\t\t\t\t<div class=\"elementor-widget-container\">\n\t\t\t\t\t\t\t<div class=\"elementor-template\">\n\t\t\t\t\t<div data-elementor-type=\"container\" data-elementor-id=\"7714\" class=\"elementor elementor-7714\" data-elementor-post-type=\"elementor_library\">\n\t\t\t\t<div class=\"elementor-element elementor-element-dd395cb e-flex e-con-boxed e-con e-parent\" data-id=\"dd395cb\" data-element_type=\"container\" data-e-type=\"container\" data-settings=\"{&quot;jet_parallax_layout_list&quot;:[]}\">\n\t\t\t\t\t<div class=\"e-con-inner\">\n\t\t\t\t<div class=\"elementor-element elementor-element-fb53236 elementor-icon-list--layout-inline elementor-align-center elementor-list-item-link-full_width elementor-widget elementor-widget-icon-list\" data-id=\"fb53236\" data-element_type=\"widget\" data-e-type=\"widget\" data-widget_type=\"icon-list.default\">\n\t\t\t\t<div class=\"elementor-widget-container\">\n\t\t\t\t\t\t\t<ul class=\"elementor-icon-list-items elementor-inline-items\">\n\t\t\t\t\t\t\t<li class=\"elementor-icon-list-item elementor-inline-item\">\n\t\t\t\t\t\t\t\t\t\t\t<span class=\"elementor-icon-list-icon\">\n\t\t\t\t\t\t\t<i aria-hidden=\"true\" class=\"fas fa-check\"><\/i>\t\t\t\t\t\t<\/span>\n\t\t\t\t\t\t\t\t\t\t<span class=\"elementor-icon-list-text\">Midt i naturen med moderne komfort<\/span>\n\t\t\t\t\t\t\t\t\t<\/li>\n\t\t\t\t\t\t\t\t<li class=\"elementor-icon-list-item elementor-inline-item\">\n\t\t\t\t\t\t\t\t\t\t\t<span class=\"elementor-icon-list-icon\">\n\t\t\t\t\t\t\t<i aria-hidden=\"true\" class=\"fas fa-check\"><\/i>\t\t\t\t\t\t<\/span>\n\t\t\t\t\t\t\t\t\t\t<span class=\"elementor-icon-list-text\">B\u00e6redygtig og rolig naturplads<\/span>\n\t\t\t\t\t\t\t\t\t<\/li>\n\t\t\t\t\t\t\t\t<li class=\"elementor-icon-list-item elementor-inline-item\">\n\t\t\t\t\t\t\t\t\t\t\t<span class=\"elementor-icon-list-icon\">\n\t\t\t\t\t\t\t<i aria-hidden=\"true\" class=\"fas fa-check\"><\/i>\t\t\t\t\t\t<\/span>\n\t\t\t\t\t\t\t\t\t\t<span class=\"elementor-icon-list-text\">Kort afstand til Vesterhavet og Blokhus by<\/span>\n\t\t\t\t\t\t\t\t\t<\/li>\n\t\t\t\t\t\t<\/ul>\n\t\t\t\t\t\t<\/div>\n\t\t\t\t<\/div>\n\t\t\t\t\t<\/div>\n\t\t\t\t<\/div>\n\t\t\t\t<\/div>\n\t\t\t\t<\/div>\n\t\t\t\t\t\t<\/div>\n\t\t\t\t<\/div>\n\t\t\t\t<div class=\"elementor-element elementor-element-9d82068 elementor-align-center elementor-widget elementor-widget-button\" data-id=\"9d82068\" data-element_type=\"widget\" data-e-type=\"widget\" data-widget_type=\"button.default\">\n\t\t\t\t<div class=\"elementor-widget-container\">\n\t\t\t\t\t\t\t\t\t<div class=\"elementor-button-wrapper\">\n\t\t\t\t\t<a class=\"elementor-button elementor-button-link elementor-size-sm elementor-animation-grow\" href=\"#kontakt\" target=\"_blank\">\n\t\t\t\t\t\t<span class=\"elementor-button-content-wrapper\">\n\t\t\t\t\t\t<span class=\"elementor-button-icon\">\n\t\t\t\t<i aria-hidden=\"true\" class=\"fas fa-chevron-right\"><\/i>\t\t\t<\/span>\n\t\t\t\t\t\t\t\t\t<span class=\"elementor-button-text\">Kontakt<\/span>\n\t\t\t\t\t<\/span>\n\t\t\t\t\t<\/a>\n\t\t\t\t<\/div>\n\t\t\t\t\t\t\t\t<\/div>\n\t\t\t\t<\/div>\n\t\t\t\t\t<\/div>\n\t\t\t\t<\/div>\n\t\t<div class=\"elementor-element elementor-element-f705895 e-flex e-con-boxed e-con e-parent\" data-id=\"f705895\" data-element_type=\"container\" data-e-type=\"container\" data-settings=\"{&quot;jet_parallax_layout_list&quot;:[],&quot;background_background&quot;:&quot;classic&quot;}\">\n\t\t\t\t\t<div class=\"e-con-inner\">\n\t\t\t\t<div class=\"elementor-element elementor-element-37f1dd3 elementor-widget elementor-widget-heading\" data-id=\"37f1dd3\" data-element_type=\"widget\" data-e-type=\"widget\" data-widget_type=\"heading.default\">\n\t\t\t\t<div class=\"elementor-widget-container\">\n\t\t\t\t\t<h2 class=\"elementor-heading-title elementor-size-default\">Er du medlem af ACSI? <\/h2>\t\t\t\t<\/div>\n\t\t\t\t<\/div>\n\t\t\t\t<div class=\"elementor-element elementor-element-23d9031 elementor-widget elementor-widget-text-editor\" data-id=\"23d9031\" data-element_type=\"widget\" data-e-type=\"widget\" data-widget_type=\"text-editor.default\">\n\t\t\t\t<div class=\"elementor-widget-container\">\n\t\t\t\t\t\t\t\t\t<p style=\"text-align: left;\" data-start=\"163\" data-end=\"303\"><em data-start=\"163\" data-end=\"303\">Rejser du med CampingCard ACSI og vil h\u00f8re mere om rabat eller booke ophold i lavs\u00e6sonen? Udfyld formularen, s\u00e5 vender vi hurtigt tilbage.<\/em><\/p><p style=\"text-align: left;\" data-start=\"163\" data-end=\"303\"><em data-start=\"163\" data-end=\"303\">ACSI ophold kan ikke bookes online.<\/em><\/p>\t\t\t\t\t\t\t\t<\/div>\n\t\t\t\t<\/div>\n\t\t\t\t<div class=\"elementor-element elementor-element-d1b8571 elementor-widget elementor-widget-menu-anchor\" data-id=\"d1b8571\" data-element_type=\"widget\" data-e-type=\"widget\" data-widget_type=\"menu-anchor.default\">\n\t\t\t\t<div class=\"elementor-widget-container\">\n\t\t\t\t\t\t\t<div class=\"elementor-menu-anchor\" id=\"kontakt\"><\/div>\n\t\t\t\t\t\t<\/div>\n\t\t\t\t<\/div>\n\t\t\t\t<div class=\"elementor-element elementor-element-049669b elementor-widget__width-inherit elementor-widget elementor-widget-shortcode\" data-id=\"049669b\" data-element_type=\"widget\" data-e-type=\"widget\" data-widget_type=\"shortcode.default\">\n\t\t\t\t<div class=\"elementor-widget-container\">\n\t\t\t\t\t\t\t<div class=\"elementor-shortcode\"><div class=\"forminator-ui forminator-custom-form forminator-custom-form-7262 forminator-design--flat forminator-enclosed forminator_ajax\" data-forminator-render=\"0\" data-form=\"forminator-module-7262\" data-uid=\"69e81c27699f9\"><br\/><\/div><form\r\n\t\t\t\tid=\"forminator-module-7262\"\r\n\t\t\t\tclass=\"forminator-ui forminator-custom-form forminator-custom-form-7262 forminator-design--flat forminator-enclosed forminator_ajax\"\r\n\t\t\t\tmethod=\"post\"\r\n\t\t\t\tdata-forminator-render=\"0\"\r\n\t\t\t\tdata-form-id=\"7262\"\r\n\t\t\t\t data-color-option=\"default\" data-design=\"flat\" data-grid=\"enclosed\" style=\"display: none;\"\r\n\t\t\t\tdata-uid=\"69e81c27699f9\"\r\n\t\t\t><div role=\"alert\" aria-live=\"polite\" class=\"forminator-response-message forminator-error\" aria-hidden=\"true\"><\/div><div class=\"forminator-row\"><div id=\"text-1\" class=\"forminator-field-text forminator-col forminator-col-12 \"><div class=\"forminator-field\"><label for=\"forminator-field-text-1_69e81c27699f9\" id=\"forminator-field-text-1_69e81c27699f9-label\" class=\"forminator-label\">Kortnr. <span class=\"forminator-required\">*<\/span><\/label><input type=\"text\" name=\"text-1\" value=\"\" placeholder=\"Kortnr.\" id=\"forminator-field-text-1_69e81c27699f9\" class=\"forminator-input forminator-name--field\" data-required=\"1\" \/><\/div><\/div><\/div><div class=\"forminator-row\"><div id=\"email-1\" class=\"forminator-field-email forminator-col forminator-col-12 \"><div class=\"forminator-field\"><label for=\"forminator-field-email-1_69e81c27699f9\" id=\"forminator-field-email-1_69e81c27699f9-label\" class=\"forminator-label\">E- mail <span class=\"forminator-required\">*<\/span><\/label><input type=\"email\" name=\"email-1\" value=\"\" placeholder=\"E- mail\" id=\"forminator-field-email-1_69e81c27699f9\" class=\"forminator-input forminator-email--field\" data-required=\"1\" aria-required=\"true\" autocomplete=\"email\" \/><\/div><\/div><\/div><div class=\"forminator-row\"><div id=\"date-1\" class=\"forminator-field-date forminator-col forminator-col-12 \"><div class=\"forminator-field\"><label for=\"forminator-field-date-1-picker_69e81c27699f9\" id=\"forminator-field-date-1-picker_69e81c27699f9-label\" class=\"forminator-label\">\u00d8nsket ankomstdato<\/label><div class=\"forminator-input-with-icon\"><span class=\"forminator-icon-calendar\" aria-hidden=\"true\"><\/span><input autocomplete=\"off\" type=\"text\" size=\"1\" name=\"date-1\" value=\"\" placeholder=\"V\u00e6lg dato\" id=\"forminator-field-date-1-picker_69e81c27699f9\" class=\"forminator-input forminator-datepicker\" data-required=\"\" data-format=\"dd-mm-yy\" data-restrict-type=\"\" data-restrict=\"\" data-start-year=\"1926\" data-end-year=\"2126\" data-past-dates=\"enable\" data-start-of-week=\"1\" data-start-date=\"\" data-end-date=\"\" data-start-field=\"\" data-end-field=\"\" data-start-offset=\"\" data-end-offset=\"\" data-disable-date=\"\" data-disable-range=\"\" \/><\/div><\/div><\/div><\/div><div class=\"forminator-row\"><div id=\"date-2\" class=\"forminator-field-date forminator-col forminator-col-12 \"><div class=\"forminator-field\"><label for=\"forminator-field-date-2-picker_69e81c27699f9\" id=\"forminator-field-date-2-picker_69e81c27699f9-label\" class=\"forminator-label\">\u00d8nsket afrejsedato<\/label><div class=\"forminator-input-with-icon\"><span class=\"forminator-icon-calendar\" aria-hidden=\"true\"><\/span><input autocomplete=\"off\" type=\"text\" size=\"1\" name=\"date-2\" value=\"\" placeholder=\"V\u00e6lg dato\" id=\"forminator-field-date-2-picker_69e81c27699f9\" class=\"forminator-input forminator-datepicker\" data-required=\"\" data-format=\"dd-mm-yy\" data-restrict-type=\"\" data-restrict=\"\" data-start-year=\"1926\" data-end-year=\"2126\" data-past-dates=\"enable\" data-start-of-week=\"1\" data-start-date=\"\" data-end-date=\"\" data-start-field=\"\" data-end-field=\"\" data-start-offset=\"\" data-end-offset=\"\" data-disable-date=\"\" data-disable-range=\"\" \/><\/div><\/div><\/div><\/div><div class=\"forminator-row\"><div id=\"checkbox-1\" class=\"forminator-field-checkbox forminator-col forminator-col-12 \"><div role=\"group\" class=\"forminator-field\" aria-labelledby=\"forminator-checkbox-group-forminator-field-checkbox-1-69e81c27699f9-label\"><span id=\"forminator-checkbox-group-forminator-field-checkbox-1-69e81c27699f9-label\" class=\"forminator-label\">V\u00e6lg form\u00e5l med henvendelsen<\/span><label id=\"forminator-field-checkbox-1-1-69e81c27699f9-label\" for=\"forminator-field-checkbox-1-1-69e81c27699f9\" class=\"forminator-checkbox\" title=\"Vi \u00f8nsker booking af selvvalgte datoer\"><input type=\"checkbox\" name=\"checkbox-1[]\" value=\"one\" id=\"forminator-field-checkbox-1-1-69e81c27699f9\" aria-labelledby=\"forminator-field-checkbox-1-1-69e81c27699f9-label\" data-calculation=\"0\"   data-hidden-behavior=\"zero\"\/><span class=\"forminator-checkbox-box\" aria-hidden=\"true\"><\/span><span class=\"forminator-checkbox-label\">Vi \u00f8nsker booking af selvvalgte datoer<\/span><\/label><label id=\"forminator-field-checkbox-1-2-69e81c27699f9-label\" for=\"forminator-field-checkbox-1-2-69e81c27699f9\" class=\"forminator-checkbox\" title=\"\u00d8nsker pris p\u00e5 selvvalgte datoer\"><input type=\"checkbox\" name=\"checkbox-1[]\" value=\"two\" id=\"forminator-field-checkbox-1-2-69e81c27699f9\" aria-labelledby=\"forminator-field-checkbox-1-2-69e81c27699f9-label\" data-calculation=\"0\"   data-hidden-behavior=\"zero\"\/><span class=\"forminator-checkbox-box\" aria-hidden=\"true\"><\/span><span class=\"forminator-checkbox-label\">\u00d8nsker pris p\u00e5 selvvalgte datoer<\/span><\/label><label id=\"forminator-field-checkbox-1-3-69e81c27699f9-label\" for=\"forminator-field-checkbox-1-3-69e81c27699f9\" class=\"forminator-checkbox\" title=\"Andet?\"><input type=\"checkbox\" name=\"checkbox-1[]\" value=\"Andet?\" id=\"forminator-field-checkbox-1-3-69e81c27699f9\" aria-labelledby=\"forminator-field-checkbox-1-3-69e81c27699f9-label\" data-calculation=\"0\"   data-hidden-behavior=\"zero\"\/><span class=\"forminator-checkbox-box\" aria-hidden=\"true\"><\/span><span class=\"forminator-checkbox-label\">Andet?<\/span><\/label><\/div><\/div><\/div><div class=\"forminator-row\"><div id=\"textarea-1\" class=\"forminator-field-textarea forminator-col forminator-col-12  vis-label\"><div class=\"forminator-field\"><label for=\"forminator-field-textarea-1_69e81c27699f9\" id=\"forminator-field-textarea-1_69e81c27699f9-label\" class=\"forminator-label\">Ved valg af &quot;Andet?&quot;<\/label><textarea name=\"textarea-1\" placeholder=\"Uddyb venligst\" id=\"forminator-field-textarea-1_69e81c27699f9\" class=\"forminator-textarea\" rows=\"6\" style=\"min-height:140px;\" ><\/textarea><\/div><\/div><\/div><input type=\"hidden\" name=\"referer_url\" value=\"\" \/><div class=\"forminator-row forminator-row-last\"><div class=\"forminator-col\"><div class=\"forminator-field\"><button class=\"forminator-button forminator-button-submit\">Send<\/button><\/div><\/div><\/div><input type=\"hidden\" id=\"forminator_nonce\" name=\"forminator_nonce\" value=\"5257885241\" \/><input type=\"hidden\" name=\"_wp_http_referer\" value=\"\/de\/wp-json\/wp\/v2\/pages\/6773\" \/><input type=\"hidden\" name=\"form_id\" value=\"7262\"><input type=\"hidden\" name=\"page_id\" value=\"6773\"><input type=\"hidden\" name=\"form_type\" value=\"default\"><input type=\"hidden\" name=\"current_url\" value=\"https:\/\/blokhusnaturcamping.dk\/de\/acsi-samarbejde\/\"><input type=\"hidden\" name=\"render_id\" value=\"0\"><input type=\"hidden\" name=\"action\" value=\"forminator_submit_form_custom-forms\"><label for=\"input_7\" class=\"forminator-hidden\" aria-hidden=\"true\">Please do not fill in this field. <input id=\"input_7\" type=\"text\" name=\"input_7\" value=\"\" autocomplete=\"off\"><\/label><input\n                    class=\"apbct_special_field apbct_email_id__elementor_form\"\n                    name=\"apbct__email_id__elementor_form\"\n                    aria-label=\"apbct__label_id__elementor_form\"\n                    type=\"text\" size=\"30\" maxlength=\"200\" autocomplete=\"off\"\n                    value=\"\"\n                \/><\/form><\/div>\n\t\t\t\t\t\t<\/div>\n\t\t\t\t<\/div>\n\t\t\t\t\t<\/div>\n\t\t\t\t<\/div>\n\t\t\t\t<\/div>\n\t\t","protected":false},"excerpt":{"rendered":"<p>Kontaktieren Sie uns Sind Sie ACSI-Mitglied? Sie reisen mit der CampingCard ACSI und m\u00f6chten mehr \u00fcber Rabatte erfahren oder einen Aufenthalt in der Nebensaison buchen? F\u00fcllen Sie das Formular aus und wir werden uns in K\u00fcrze mit Ihnen in Verbindung setzen. ACSI-Aufenthalte k\u00f6nnen nicht online gebucht werden.<\/p>","protected":false},"author":1,"featured_media":0,"parent":0,"menu_order":0,"comment_status":"closed","ping_status":"closed","template":"","meta":{"footnotes":""},"class_list":["post-6773","page","type-page","status-publish","hentry"],"_links":{"self":[{"href":"https:\/\/blokhusnaturcamping.dk\/de\/wp-json\/wp\/v2\/pages\/6773","targetHints":{"allow":["GET"]}}],"collection":[{"href":"https:\/\/blokhusnaturcamping.dk\/de\/wp-json\/wp\/v2\/pages"}],"about":[{"href":"https:\/\/blokhusnaturcamping.dk\/de\/wp-json\/wp\/v2\/types\/page"}],"author":[{"embeddable":true,"href":"https:\/\/blokhusnaturcamping.dk\/de\/wp-json\/wp\/v2\/users\/1"}],"replies":[{"embeddable":true,"href":"https:\/\/blokhusnaturcamping.dk\/de\/wp-json\/wp\/v2\/comments?post=6773"}],"version-history":[{"count":34,"href":"https:\/\/blokhusnaturcamping.dk\/de\/wp-json\/wp\/v2\/pages\/6773\/revisions"}],"predecessor-version":[{"id":7812,"href":"https:\/\/blokhusnaturcamping.dk\/de\/wp-json\/wp\/v2\/pages\/6773\/revisions\/7812"}],"wp:attachment":[{"href":"https:\/\/blokhusnaturcamping.dk\/de\/wp-json\/wp\/v2\/media?parent=6773"}],"curies":[{"name":"wp","href":"https:\/\/api.w.org\/{rel}","templated":true}]}}